{"id":995,"date":"2017-02-22T17:17:21","date_gmt":"2017-02-22T17:17:21","guid":{"rendered":"http:\/\/muzeuciclism.ro\/?page_id=995"},"modified":"2025-09-09T18:14:16","modified_gmt":"2025-09-09T18:14:16","slug":"constantin-dumitrescu","status":"publish","type":"page","link":"https:\/\/muzeuciclism.ro\/index.php\/ciclism-romanesc\/galeria-ciclistilor-romani\/constantin-dumitrescu\/","title":{"rendered":"Constantin Dumitrescu"},"content":{"rendered":"<p>Generatia &#8221; Eroica&#8221; a ciclismului Romanesc.<\/p>\n<p>Constantin Dumitrescu &#8222;Gigi&#8221;<\/p>\n<p>Nascut: 10-08-1934<br \/>\nPlecat la ceruri: 23-12-2016<\/p>\n<p>Participarile si victoriile.<\/p>\n<p>1954 Locul 1, Clasamentul General, Turul Rom\u00e2niei.<br \/>\n1954 Locul 51, Clasamentul General, Course de la Paix , Praha (Pardubicky Kraj), Czechoslovakia.<br \/>\n1955 Locul 1, Clasamentul General ,Turul Rom\u00e2niei.<br \/>\n1955 Locul 7, etapa 5, Course de la Paix , R.D.G.<br \/>\n1955 Locul 3, etapa 6 , Course de la Paix , Chemnitz (Sachsen), R.D.G.<br \/>\n1955 Locul 4, etapa 8, Course de la Paix ,Berlin . R.D.G.<br \/>\n1955 Locul 8, etapa 9, Course de la Paix , Cottbus (Brandenburg), R.D.G.<br \/>\n1955 Locul 13, Clasamentul General, Course de la Paix , Warszawa (Mazowieckie), Polonia.<br \/>\n1956 Locul 1, Clasamentul General, Turul Rom\u00e2niei.<br \/>\n1956 Locul 6, etapa 1, Course de la Paix ,Warszawa (Mazowieckie), Polen<br \/>\n1956 Locul 4, etapa 2, Course de la Paix , \u0141\u00f3d\u017a ( \u0141\u00f3dzkie), Polonia.<br \/>\n1956 Locul 5, etapa 3, Course de la Paix , Stalinograd (\u015al\u0105skie), Polonia<br \/>\n1956 Locul 6, etapa 7,Course de la Paix , Lipsk (Sachsen), R.D.G<br \/>\n1956 Locul 5, etapa 8, Course de la Paix , Chemnitz (Sachsen), R.D.G.<br \/>\n1956 Locul 9, etapa 11, Course de la Paix , Brno (Jihomoravsky Kraj), Czechoslovakia.<br \/>\n1956 Locul 2, Clasamentul General, Course de la Paix , Praha (Pardubicky Kraj), Czechoslovakia<br \/>\n1956 Locul 2 Campionatul National, Romania.<br \/>\n1956 Locul 1, etapa 10, Tour d&#8217;Europe.<br \/>\n1957 Locul 1, etapa 9, Course de la Montagne, Romania.<br \/>\n1957 Locul 1, Clasamentul General, Course de la Montagne, Romania.<br \/>\n1957 Locul 1, Course de la Victoire, Romania.<br \/>\n1957 Locul 1, etapa 3, Course de la Victoire, Romania.<br \/>\n1957 Locul 1, etapa 9 , Cursa Scanteii , Romania.<br \/>\n1957 Locul 1, Clasamentul General , Cursa Scanteii, Romania.<br \/>\n1957 Locul 8, etapa, 5, Course de la Paix , Chemnitz (Sachsen),R.D.G.<br \/>\n1957 Locul 10, etapa 6, Course de la Paix , Lipsk (Sachsen), R.D.G.<br \/>\n1957 Locul 2, etapa 9, Course de la Paix ,Wroc\u0142aw (Dolno\u015bl\u0105skie), Polonia.<br \/>\n1957 Locul 14, Clasamentul General, Course de la Paix , Warszawa (Mazowieckie), Polonia<br \/>\n1957 Locul 5, etapa 3, Tour d&#8217;Egypte, Assiut (Asyut), Egypt.<br \/>\n1958 Locul 8, etapa 8, Course de la Paix , Chemnitz (Sachsen), R.D.G<br \/>\n1958 Locul 7, etapa 12, Course de la Paix , Praha (Pardubicky Kraj), Czechoslovakia<br \/>\n1958 Locul 16, Clasamentul General, Course de la Paix , Praha (Pardubicky Kraj), Czechoslovakia<br \/>\n1959 Locul 29, Clasamentul General, Course de la Paix , Warszawa (Mazowieckie), Polonia.<br \/>\n1959 Locul 9, etapa 4, Course de la Paix , R.D.G.<br \/>\n1962 Locul 8, etapa 5, Course de la Paix , Karlovy Vary (Karlovarsky Kraj), Czechoslovakia.<br \/>\n1962 Locul 2, etapa 6, Course de la Paix, Praha (Pardubicky Kraj), Czechoslovakia.<br \/>\n1962 Locul 3, etapa 9, Course de la Paix , Ostrava (Moravskoslezsky Kraj), Czechoslovakia.<br \/>\n1962 Locul 57, Clasamentul General, Course de la Paix .<br \/>\n1963 Locul 2, etapa 8, Course de la Paix ,Toru\u0144 (Kujawsko-Pomorskie), Polonia.<br \/>\n1963 Locul 8, etapa 13, Course de la Paix, Erfurt (Thuringen), R.D.G.<br \/>\n1963 Locul 4, Clasamentul General , Course de la Paix , Berlin , R.D.G.<br \/>\n1963 Locul 3, etapa 12, Course de la Paix , R.D.G.<br \/>\n1963 Locul 4, etapa 1 , Tour of Britain, (Milk Race), Nottingham (Nottingham), U.K.<br \/>\n1963 Locul 5, etapa 4, Tour of Britain, (Milk Race), Bournemouth (Bournemouth), U.K.<br \/>\n1963 Locul 4, etapa 5, Tour of Britain, (Milk Race), Paignton (Devon), U.K.<br \/>\n1963 Locul 1, etapa 7, Tour of Britain, (Milk Race), Northampton (Northamptonshire), U.K.<br \/>\n1963 Locul 1, etapa 10, Tour of Britain, (Milk Race), Scarborough (North Yorkshire), U.K.<br \/>\n1963 Locul 2, Clasamentul General, Tour of Britain, (Milk Race), Blackpool (Blackpool), U.K.<br \/>\n1964 Locul 1, etapa 9, Course de la Paix , R.D.G.<br \/>\n1964 Locul 10, etapa 13, Course de la Paix , Cesk\u00e9 Bud\u00e9jovice (Jihocesky Kraj), Czechoslovakia.<br \/>\n1964 Locul 18, Clasamentul General, Course de la Paix ,Praha (Pardubicky Kraj), Czechoslovakia.<br \/>\n1964 Locul 3, etapa 8, Course de la Paix , R.D.G.<br \/>\n1965 Locul 4, etapa 1, Course de la Paix , Berlin , R.D.G.<br \/>\n1965 Locul 5, etapa 5, Course de la Paix, Praha (Pardubicky Kraj), Czechoslovakia.<br \/>\n1965 Locul 2, etapa 9, Course de la Paix ,Svit (Presov), Czechoslovakia.<br \/>\n1965 Locul 5, Clasamentul General, Course de la Paix , Warszawa (Mazowieckie), Polonia<br \/>\n1965 Locul 7, etapa 6, Course de la Paix , Pardubice (Pardubicky Kraj), Czechoslovakia.<br \/>\n1967 Locul 3, Clasamentul General, Deux Jours de Caen, Caen (Basse-Normandie), France.<br \/>\n1968 Locul 3, Mur-de-Bretagne (Bretagne), France<br \/>\n1969 Locul 3, Callac (Bretagne), France.<br \/>\n1970 Locul 1, Grand Prix de Neant-sur-Yvel, (N\u00e9ant-sur-Yvel (Bretagne), France<\/p>\n\t                <ul class=\"easy-image-gallery thumbnails-5 linked\">\r\n                    <li><a data-fancybox=\"gallery557\" href=\"https:\/\/muzeuciclism.ro\/wp-content\/uploads\/16684176_1624226117593725_7923828335163079289_n.jpg\" class=\"eig-popup\" title=\"Constantin Dumitrescu (1)\r\n(colec\u021bia Dan Melinte)\" data-caption=\"Constantin Dumitrescu (1)\r\n(colec\u021bia Dan Melinte)\" target=\"_blank\"><i class=\"icon-view\"><\/i><span class=\"overlay\"><\/span><img loading=\"lazy\" decoding=\"async\" width=\"150\" height=\"150\" src=\"https:\/\/muzeuciclism.ro\/wp-content\/uploads\/16684176_1624226117593725_7923828335163079289_n-150x150.jpg\" class=\"attachment-thumbnail size-thumbnail\" alt=\"\" \/><\/a><\/li><li><a data-fancybox=\"gallery557\" href=\"https:\/\/muzeuciclism.ro\/wp-content\/uploads\/16649577_1624254610924209_1965986883998651465_n.jpg\" class=\"eig-popup\" title=\"Constantin Dumitrescu (2)\r\n(colec\u021bia Dan Melinte)\" data-caption=\"Constantin Dumitrescu (2)\r\n(colec\u021bia Dan Melinte)\" target=\"_blank\"><i class=\"icon-view\"><\/i><span class=\"overlay\"><\/span><img loading=\"lazy\" decoding=\"async\" width=\"150\" height=\"150\" src=\"https:\/\/muzeuciclism.ro\/wp-content\/uploads\/16649577_1624254610924209_1965986883998651465_n-150x150.jpg\" class=\"attachment-thumbnail size-thumbnail\" alt=\"\" \/><\/a><\/li><li><a data-fancybox=\"gallery557\" href=\"https:\/\/muzeuciclism.ro\/wp-content\/uploads\/DSCN2754.jpg\" class=\"eig-popup\" title=\"\" data-caption=\"\" target=\"_blank\"><i class=\"icon-view\"><\/i><span class=\"overlay\"><\/span><img loading=\"lazy\" decoding=\"async\" width=\"150\" height=\"150\" src=\"https:\/\/muzeuciclism.ro\/wp-content\/uploads\/DSCN2754-150x150.jpg\" class=\"attachment-thumbnail size-thumbnail\" alt=\"\" \/><\/a><\/li><li><a data-fancybox=\"gallery557\" href=\"https:\/\/muzeuciclism.ro\/wp-content\/uploads\/DSCN2755.jpg\" class=\"eig-popup\" title=\"\" data-caption=\"\" target=\"_blank\"><i class=\"icon-view\"><\/i><span class=\"overlay\"><\/span><img loading=\"lazy\" decoding=\"async\" width=\"150\" height=\"150\" src=\"https:\/\/muzeuciclism.ro\/wp-content\/uploads\/DSCN2755-150x150.jpg\" class=\"attachment-thumbnail size-thumbnail\" alt=\"\" \/><\/a><\/li><li><a data-fancybox=\"gallery557\" href=\"https:\/\/muzeuciclism.ro\/wp-content\/uploads\/DSCN2757.jpg\" class=\"eig-popup\" title=\"\" data-caption=\"\" target=\"_blank\"><i class=\"icon-view\"><\/i><span class=\"overlay\"><\/span><img loading=\"lazy\" decoding=\"async\" width=\"150\" height=\"150\" src=\"https:\/\/muzeuciclism.ro\/wp-content\/uploads\/DSCN2757-150x150.jpg\" class=\"attachment-thumbnail size-thumbnail\" alt=\"\" \/><\/a><\/li><\/ul>\n","protected":false},"excerpt":{"rendered":"<p>Generatia &#8221; Eroica&#8221; a ciclismului Romanesc. Constantin Dumitrescu &#8222;Gigi&#8221; Nascut: 10-08-1934 Plecat la ceruri: 23-12-2016 Participarile si victoriile. 1954 Locul 1, Clasamentul General, Turul Rom\u00e2niei. 1954 Locul 51, Clasamentul General, Course de la Paix , Praha (Pardubicky Kraj), Czechoslovakia. 1955 Locul 1, Clasamentul General ,Turul Rom\u00e2niei. 1955 Locul 7, etapa 5, Course de la Paix [&hellip;]<\/p>\n","protected":false},"author":2,"featured_media":996,"parent":992,"menu_order":0,"comment_status":"open","ping_status":"closed","template":"","meta":{"footnotes":""},"class_list":["post-995","page","type-page","status-publish","has-post-thumbnail","czr-hentry"],"_links":{"self":[{"href":"https:\/\/muzeuciclism.ro\/index.php\/wp-json\/wp\/v2\/pages\/995","targetHints":{"allow":["GET"]}}],"collection":[{"href":"https:\/\/muzeuciclism.ro\/index.php\/wp-json\/wp\/v2\/pages"}],"about":[{"href":"https:\/\/muzeuciclism.ro\/index.php\/wp-json\/wp\/v2\/types\/page"}],"author":[{"embeddable":true,"href":"https:\/\/muzeuciclism.ro\/index.php\/wp-json\/wp\/v2\/users\/2"}],"replies":[{"embeddable":true,"href":"https:\/\/muzeuciclism.ro\/index.php\/wp-json\/wp\/v2\/comments?post=995"}],"version-history":[{"count":0,"href":"https:\/\/muzeuciclism.ro\/index.php\/wp-json\/wp\/v2\/pages\/995\/revisions"}],"up":[{"embeddable":true,"href":"https:\/\/muzeuciclism.ro\/index.php\/wp-json\/wp\/v2\/pages\/992"}],"wp:featuredmedia":[{"embeddable":true,"href":"https:\/\/muzeuciclism.ro\/index.php\/wp-json\/wp\/v2\/media\/996"}],"wp:attachment":[{"href":"https:\/\/muzeuciclism.ro\/index.php\/wp-json\/wp\/v2\/media?parent=995"}],"curies":[{"name":"wp","href":"https:\/\/api.w.org\/{rel}","templated":true}]}}