{"id":51,"date":"2016-04-13T06:56:56","date_gmt":"2016-04-13T06:56:56","guid":{"rendered":"http:\/\/muzeuciclism.ro\/?page_id=51"},"modified":"2018-09-19T20:21:39","modified_gmt":"2018-09-19T20:21:39","slug":"despre","status":"publish","type":"page","link":"https:\/\/muzeuciclism.ro\/index.php\/despre\/","title":{"rendered":"Despre"},"content":{"rendered":"<p style=\"text-align: left;\" align=\"right\"><img loading=\"lazy\" decoding=\"async\" class=\"alignright wp-image-134 size-medium\" src=\"http:\/\/muzeuciclism.ro\/wp-content\/uploads\/CCPN-207x300.jpg\" width=\"207\" height=\"300\" srcset=\"https:\/\/muzeuciclism.ro\/wp-content\/uploads\/CCPN-207x300.jpg 207w, https:\/\/muzeuciclism.ro\/wp-content\/uploads\/CCPN.jpg 309w\" sizes=\"auto, (max-width: 207px) 100vw, 207px\" \/><\/p>\n<p style=\"text-align: left;\" align=\"right\">Sunt un mare pasionat de ciclism \u0219i totodat\u0103 un m\u0103runt colec\u0163ionar al vechiturilor cu tematica \u201dciclism \u00een Rom\u00e2nia\u201d. \u00centr-o zi, acum vreo cinci ani, privind colec\u021bia de medalii \u0219i fotografii, brusc mi-au venit \u00een minte multe, foarte multe \u00eentreb\u0103ri: oare cine a c\u00e2\u0219tigat medalia asta?, dar asta?, ce a fost Clubul ciclist Principele Nicolae?, dar Clubul Velocitas din Timi\u0219oara?, Unirea Velocipedic\u0103 a Rom\u00e2niei?, dar sportivii din fotografii cine sunt?, cum \u00eei cheam\u0103?, la ce curse au participat \u0219i ce rezultate au avut?, dar cu Mi\u021ba Biciclista care e adev\u0103rul?, primul velodrom care a fost: Pucher sau Cazzavilan?, \u0218tefan Luchian &#8211; ciclist de performan\u021b\u0103?!, <span lang=\"en-GB\">Ion B\u0103l\u0103ceanu Stolnici<\/span><span lang=\"en-GB\">, <\/span>Macedonski, Cantilli, Delavrancea, Noica, cicloturi\u0219ti ?! \u0219i multe, multe altele&#8230;<\/p>\n<p align=\"justify\">Din dorin\u021ba de a g\u0103si r\u0103spunsuri la sutele, poate miile de astfel de \u00eentreb\u0103ri, am \u00eenceput s\u0103 caut c\u0103r\u021bi cu \u0219i despre ciclism rom\u00e2nesc, av\u00e2nd convingerea ferm\u0103 c\u0103 \u00eentr-un timp relativ scurt majoritatea pieselor din colec\u021bii vor avea ata\u0219at\u0103 o mic\u0103 h\u00e2rtiu\u021b\u0103 pe care va fi scris, succint, istoria ei, iar celelalte \u00eentreb\u0103ri \u00ee\u0219i vor fi g\u0103sit r\u0103spunsuri. M-am \u00een\u0219elat\u2026 C\u0103r\u021bile publicate \u00een Rom\u00e2nia pe aceast\u0103 tem\u0103 nu sunt prea multe \u0219i, mai mult, majoritatea abordeaz\u0103 \u00een principal ciclismul sportiv de dup\u0103 1947\u2026. Citindu-le, nu am g\u0103sit r\u0103spunsuri la majoritatea \u00eentreb\u0103rilor&#8230; Nu am disperat\u2026 Am continuat prin a c\u0103uta asiduu \u00een biblioteci documente, publica\u0163ii, c\u0103r\u0163i, fotografii, filme etc, convins fiind, din nou, c\u0103 voi termina repede\u2026. G\u00e2ndeam c\u0103 nu prea sunt multe de g\u0103sit (\u0219i spus) despre ciclismul de la noi din \u021bar\u0103, raport\u00e2ndu-m\u0103, pe baza cuno\u0219tiin\u021belor mele de atunci, la \u021b\u0103rile cu tradi\u021bie bogat\u0103 \u00een domeniu precum Germania, Fran\u021ba, Anglia, S.U.A, Italia, Belgia, Olanda, Spania, ba chiar \u0219i Polonia, \u0219i Bulgaria, \u0219i multe alte t\u0103ri&#8230; \u0218i a\u0219a, tot c\u0103ut\u00e2nd, am intrat \u00een caruselul datelor, numelor, locurilor, curselor, recordurilor, velodromurilor, atelierelor, magazinelor, \u0219colilor de biciclet\u0103, teatrelor, muzicii etc.<\/p>\n<p align=\"justify\">Pe m\u0103sur\u0103 ce citeam, simpla nevoie de a g\u0103si r\u0103spunsuri la \u00eentreb\u0103ri a trecut \u00een plan secund\u2026 Sub ochi se derulau secven\u021bele unui film\u2026 Fr\u00e2nturi ale unei lumi fascinante, aproape necunoscute, cu o istorie nea\u015fteptat de bogat\u0103, cu personaje celebre, o lume plin\u0103 de evenimente sportive, culturale \u0219i sociale\u2026 \u0218i toate acestea petrecute \u00een jurul bicicletei! \u0218i caruselul datelor nu se mai oprea\u2026 Am g\u00e2ndit str\u00e2mb\u2026 Avem istorie \u00een ciclism! Comparabil\u0103 cu multe t\u0103ri cu tradi\u021bie! O istorie prea pu\u021bin cunoscut\u0103, de mul\u021bi \u0219i demult ignorat\u0103! M\u0103 \u00een\u0219elasem a doua oar\u0103\u2026<\/p>\n<p align=\"justify\">Atunci am g\u00e2ndit c\u0103 toate aceste file de istorie a bicicletei \u0219i ciclismului din Rom\u00e2nia ar trebui f\u0103cute cunoscute publicului larg, pasionat sau nu de biciclet\u0103 \u0219i ciclism. A\u0219a a luat na\u0219tere acest Muzeu al Ciclismului din Rom\u00e2nia\u2026 Din pasiune \u0219i din dorin\u021ba de a ar\u0103ta rom\u00e2nilor \u0219i (de ce nu?) lumii \u00eentregi aceste scurte secven\u021be de istorie de (prea) multe ori uitat\u0103! Cele expuse nu se vor limita numai la tematica \u201dciclism\u201d \u00een sensul strict sportiv al cuv\u00e2tului. Am \u00eendr\u0103znit s\u0103 g\u0103zduiesc sub umbrela \u201dciclism\u201d \u0219i pe cei care utilizau, de voie sau de nevoie, aceast\u0103 formidabil\u0103 \u201dma\u0219in\u0103 de alergat\u201d nu (numai) \u00een competi\u021bii sportive, ci \u0219i \u00een activitatea cotidian\u0103, \u00een profesie, cicloturism, armat\u0103, cercet\u0103\u0219ie etc. Nu de pu\u021bine ori ace\u0219tia au dovedit admirabile calit\u0103\u021bi sportive, put\u00e2nd fi considera\u021bi, din punctul meu de vedere, adev\u0103ra\u021bi cicli\u0219ti.<\/p>\n<p align=\"justify\">Majoritatea exponatelor din acest muzeu fac parte din colec\u021bii private. \u00cen cazul pieselor care provin din alte surse (ex.c\u0103r\u021bi, documente, pagini web etc) este specificat\u0103 corespunz\u0103tor sursa. Toate informa\u021biile din textele publicate sunt fundamentate pe surse bibliografice, neprecizate pe site (disponibile la cerere).<\/p>\n<p align=\"justify\">Muzeul va fi completat pe m\u0103sur\u0103 ce noi file de istorie se vor l\u0103sa descoperite\u2026<\/p>\n<p align=\"justify\">Muzeul se dore\u0219te a promova \u0219i populariza istoria bicicletei \u00een Rom\u00e2nia \u0219i a ciclismului rom\u00e2nesc, dar \u00eentruc\u00e2t exponatele sunt parte a unor colec\u021bii particulare, preluarea \u015fi reproducerea textelor \u0219i fotografiilor de pe acest site este permis\u0103 numai cu acordul scris al www.muzeuciclism.ro. Pentru vizitatorii care doresc utilizarea fotografiilor exponatelor acestui muzeu \u0219i\/sau mai multe informa\u021bii legate de aceast\u0103 tematic\u0103 nu ezita\u021bi a contacta www.muzeuciclism.ro.<\/p>\n<p align=\"justify\">\u00cen speran\u021ba c\u0103 aceste file ale sportului rom\u00e2nesc \u00ee\u0219i vor g\u0103si locul cuvenit \u00een memoria fiec\u0103rui vizitator, \u00a0v\u0103 doresc o c\u0103l\u0103torie pl\u0103cut\u0103 \u00een istorie.<\/p>\n<p style=\"text-align: right;\">www.muzeuciclism.ro<\/p>\n","protected":false},"excerpt":{"rendered":"<p>Sunt un mare pasionat de ciclism \u0219i totodat\u0103 un m\u0103runt colec\u0163ionar al vechiturilor cu tematica \u201dciclism \u00een Rom\u00e2nia\u201d. \u00centr-o zi, acum vreo cinci ani, privind colec\u021bia de medalii \u0219i fotografii, brusc mi-au venit \u00een minte multe, foarte multe \u00eentreb\u0103ri: oare cine a c\u00e2\u0219tigat medalia asta?, dar asta?, ce a fost Clubul ciclist Principele Nicolae?, dar [&hellip;]<\/p>\n","protected":false},"author":1,"featured_media":0,"parent":0,"menu_order":0,"comment_status":"open","ping_status":"closed","template":"","meta":{"footnotes":""},"class_list":["post-51","page","type-page","status-publish","czr-hentry"],"_links":{"self":[{"href":"https:\/\/muzeuciclism.ro\/index.php\/wp-json\/wp\/v2\/pages\/51","targetHints":{"allow":["GET"]}}],"collection":[{"href":"https:\/\/muzeuciclism.ro\/index.php\/wp-json\/wp\/v2\/pages"}],"about":[{"href":"https:\/\/muzeuciclism.ro\/index.php\/wp-json\/wp\/v2\/types\/page"}],"author":[{"embeddable":true,"href":"https:\/\/muzeuciclism.ro\/index.php\/wp-json\/wp\/v2\/users\/1"}],"replies":[{"embeddable":true,"href":"https:\/\/muzeuciclism.ro\/index.php\/wp-json\/wp\/v2\/comments?post=51"}],"version-history":[{"count":0,"href":"https:\/\/muzeuciclism.ro\/index.php\/wp-json\/wp\/v2\/pages\/51\/revisions"}],"wp:attachment":[{"href":"https:\/\/muzeuciclism.ro\/index.php\/wp-json\/wp\/v2\/media?parent=51"}],"curies":[{"name":"wp","href":"https:\/\/api.w.org\/{rel}","templated":true}]}}