{"id":48,"date":"2016-04-13T06:49:31","date_gmt":"2016-04-13T06:49:31","guid":{"rendered":"http:\/\/muzeuciclism.ro\/?page_id=48"},"modified":"2016-12-23T08:22:57","modified_gmt":"2016-12-23T08:22:57","slug":"48-2","status":"publish","type":"page","link":"https:\/\/muzeuciclism.ro\/","title":{"rendered":"Acas\u0103"},"content":{"rendered":"<p>Introduce\u0163i termenul de c\u0103utare. Cel mai adesea, anul este specificat \u00een descrierea fotografiilor. <em>Exemplu<\/em>: <strong>1930<\/strong>.<\/p>\n<form role=\"search\" method=\"get\" id=\"searchform\" class=\"searchform mse-search-form\" action=\"https:\/\/muzeuciclism.ro\/\">\n\t\t\t\t<div>\n\t\t\t\t\t<label class=\"screen-reader-text\" for=\"s\">Caut\u0103 dup\u0103:<\/label>\n\t\t\t\t\t<input type=\"text\" value=\"\" name=\"s\" id=\"s\" \/>\n\t\t\t\t\t<input type=\"submit\" id=\"searchsubmit\" value=\"Caut\u0103\" \/>\n\t\t\t\t<\/div>\n\t\t\t<input type=\"hidden\" name=\"post_type\" value=\"attachment\" \/><\/form>\n","protected":false},"excerpt":{"rendered":"<p>Introduce\u0163i termenul de c\u0103utare. Cel mai adesea, anul este specificat \u00een descrierea fotografiilor. Exemplu: 1930.<\/p>\n","protected":false},"author":1,"featured_media":0,"parent":0,"menu_order":0,"comment_status":"closed","ping_status":"closed","template":"","meta":{"footnotes":""},"class_list":["post-48","page","type-page","status-publish","czr-hentry"],"_links":{"self":[{"href":"https:\/\/muzeuciclism.ro\/index.php\/wp-json\/wp\/v2\/pages\/48","targetHints":{"allow":["GET"]}}],"collection":[{"href":"https:\/\/muzeuciclism.ro\/index.php\/wp-json\/wp\/v2\/pages"}],"about":[{"href":"https:\/\/muzeuciclism.ro\/index.php\/wp-json\/wp\/v2\/types\/page"}],"author":[{"embeddable":true,"href":"https:\/\/muzeuciclism.ro\/index.php\/wp-json\/wp\/v2\/users\/1"}],"replies":[{"embeddable":true,"href":"https:\/\/muzeuciclism.ro\/index.php\/wp-json\/wp\/v2\/comments?post=48"}],"version-history":[{"count":0,"href":"https:\/\/muzeuciclism.ro\/index.php\/wp-json\/wp\/v2\/pages\/48\/revisions"}],"wp:attachment":[{"href":"https:\/\/muzeuciclism.ro\/index.php\/wp-json\/wp\/v2\/media?parent=48"}],"curies":[{"name":"wp","href":"https:\/\/api.w.org\/{rel}","templated":true}]}}