{"id":201,"date":"2016-05-02T16:18:54","date_gmt":"2016-05-02T16:18:54","guid":{"rendered":"http:\/\/muzeuciclism.ro\/?page_id=201"},"modified":"2019-02-08T17:02:50","modified_gmt":"2019-02-08T17:02:50","slug":"ciclismul-romanesc-si-filatelia","status":"publish","type":"page","link":"https:\/\/muzeuciclism.ro\/index.php\/ciclismul-romanesc-si-filatelia\/","title":{"rendered":"Ciclismul rom\u00e2nesc \u0219i filatelia"},"content":{"rendered":"<div id=\"pl-gb201-69e1e2cc4d9cb\"  class=\"panel-layout\" ><div id=\"pg-gb201-69e1e2cc4d9cb-0\"  class=\"panel-grid panel-no-style\" ><div id=\"pgc-gb201-69e1e2cc4d9cb-0-0\"  class=\"panel-grid-cell\" ><div id=\"panel-gb201-69e1e2cc4d9cb-0-0-0\" class=\"so-panel widget widget_siteorigin-panels-post-content panel-first-child panel-last-child\" data-index=\"0\" ><\/div><\/div><\/div><\/div>\n\n\t                <ul class=\"easy-image-gallery thumbnails-28 linked\">\r\n                    <li><a data-fancybox=\"gallery572\" href=\"https:\/\/muzeuciclism.ro\/wp-content\/uploads\/DSCN0649.jpg\" class=\"eig-popup\" title=\"Plic cu \u0219tampil\u0103 special\u0103 Turul ciclist al R.P.R., 25.VI - 15.VII.1951\" data-caption=\"Plic cu \u0219tampil\u0103 special\u0103 Turul ciclist al R.P.R., 25.VI - 15.VII.1951\" target=\"_blank\"><i class=\"icon-view\"><\/i><span class=\"overlay\"><\/span><img loading=\"lazy\" decoding=\"async\" width=\"150\" height=\"150\" src=\"https:\/\/muzeuciclism.ro\/wp-content\/uploads\/DSCN0649-150x150.jpg\" class=\"attachment-thumbnail size-thumbnail\" alt=\"\" \/><\/a><\/li><li><a data-fancybox=\"gallery572\" href=\"https:\/\/muzeuciclism.ro\/wp-content\/uploads\/DSCN0682.jpg\" class=\"eig-popup\" title=\"Maximafilie, ciclism, anii 1960\" data-caption=\"Maximafilie, ciclism, anii 1960\" target=\"_blank\"><i class=\"icon-view\"><\/i><span class=\"overlay\"><\/span><img loading=\"lazy\" decoding=\"async\" width=\"150\" height=\"150\" src=\"https:\/\/muzeuciclism.ro\/wp-content\/uploads\/DSCN0682-150x150.jpg\" class=\"attachment-thumbnail size-thumbnail\" alt=\"\" \/><\/a><\/li><li><a data-fancybox=\"gallery572\" href=\"https:\/\/muzeuciclism.ro\/wp-content\/uploads\/DSCN0736.jpg\" class=\"eig-popup\" title=\"Maximafilie, ciclism, anii 1960\" data-caption=\"Maximafilie, ciclism, anii 1960\" target=\"_blank\"><i class=\"icon-view\"><\/i><span class=\"overlay\"><\/span><img loading=\"lazy\" decoding=\"async\" width=\"150\" height=\"150\" src=\"https:\/\/muzeuciclism.ro\/wp-content\/uploads\/DSCN0736-150x150.jpg\" class=\"attachment-thumbnail size-thumbnail\" alt=\"\" \/><\/a><\/li><li><a data-fancybox=\"gallery572\" href=\"https:\/\/muzeuciclism.ro\/wp-content\/uploads\/DSCN0668.jpg\" class=\"eig-popup\" title=\"Plic \u201dViteza, \u00eendem\u00e2narea \u0219i curajul s\u00eent  necesare pentru \u00eentrecerile pe velodrom\u201d, anii 1970\" data-caption=\"Plic \u201dViteza, \u00eendem\u00e2narea \u0219i curajul s\u00eent  necesare pentru \u00eentrecerile pe velodrom\u201d, anii 1970\" target=\"_blank\"><i class=\"icon-view\"><\/i><span class=\"overlay\"><\/span><img loading=\"lazy\" decoding=\"async\" width=\"150\" height=\"150\" src=\"https:\/\/muzeuciclism.ro\/wp-content\/uploads\/DSCN0668-150x150.jpg\" class=\"attachment-thumbnail size-thumbnail\" alt=\"\" \/><\/a><\/li><li><a data-fancybox=\"gallery572\" href=\"https:\/\/muzeuciclism.ro\/wp-content\/uploads\/DSCN0656.jpg\" class=\"eig-popup\" title=\"Plic prima zi a emisiunii, Ziua m\u0103rcii po\u0219tale rom\u00e2me\u0219ti, po\u0219ta\u0219 pe biciclet\u0103, 1983\" data-caption=\"Plic prima zi a emisiunii, Ziua m\u0103rcii po\u0219tale rom\u00e2me\u0219ti, po\u0219ta\u0219 pe biciclet\u0103, 1983\" target=\"_blank\"><i class=\"icon-view\"><\/i><span class=\"overlay\"><\/span><img loading=\"lazy\" decoding=\"async\" width=\"150\" height=\"150\" src=\"https:\/\/muzeuciclism.ro\/wp-content\/uploads\/DSCN0656-150x150.jpg\" class=\"attachment-thumbnail size-thumbnail\" alt=\"\" \/><\/a><\/li><li><a data-fancybox=\"gallery572\" href=\"https:\/\/muzeuciclism.ro\/wp-content\/uploads\/DSCN0650.jpg\" class=\"eig-popup\" title=\"Plic prima zi \u201dJoc de copii\u201d, 1985 (1)\" data-caption=\"Plic prima zi \u201dJoc de copii\u201d, 1985 (1)\" target=\"_blank\"><i class=\"icon-view\"><\/i><span class=\"overlay\"><\/span><img loading=\"lazy\" decoding=\"async\" width=\"150\" height=\"150\" src=\"https:\/\/muzeuciclism.ro\/wp-content\/uploads\/DSCN0650-150x150.jpg\" class=\"attachment-thumbnail size-thumbnail\" alt=\"\" \/><\/a><\/li><li><a data-fancybox=\"gallery572\" href=\"https:\/\/muzeuciclism.ro\/wp-content\/uploads\/DSCN0651.jpg\" class=\"eig-popup\" title=\"Plic prima zi \u201dJoc de copii\u201d, 1985 (2)\" data-caption=\"Plic prima zi \u201dJoc de copii\u201d, 1985 (2)\" target=\"_blank\"><i class=\"icon-view\"><\/i><span class=\"overlay\"><\/span><img loading=\"lazy\" decoding=\"async\" width=\"150\" height=\"150\" src=\"https:\/\/muzeuciclism.ro\/wp-content\/uploads\/DSCN0651-150x150.jpg\" class=\"attachment-thumbnail size-thumbnail\" alt=\"\" \/><\/a><\/li><li><a data-fancybox=\"gallery572\" href=\"https:\/\/muzeuciclism.ro\/wp-content\/uploads\/DSCN0652.jpg\" class=\"eig-popup\" title=\"Plic prima zi \u201dJoc de copii\u201d, 1985 (3)\" data-caption=\"Plic prima zi \u201dJoc de copii\u201d, 1985 (3)\" target=\"_blank\"><i class=\"icon-view\"><\/i><span class=\"overlay\"><\/span><img loading=\"lazy\" decoding=\"async\" width=\"150\" height=\"150\" src=\"https:\/\/muzeuciclism.ro\/wp-content\/uploads\/DSCN0652-150x150.jpg\" class=\"attachment-thumbnail size-thumbnail\" alt=\"\" \/><\/a><\/li><li><a data-fancybox=\"gallery572\" href=\"https:\/\/muzeuciclism.ro\/wp-content\/uploads\/DSCN0653.jpg\" class=\"eig-popup\" title=\"Plic prima zi \u201dJoc de copii\u201d, 1985 (4)\" data-caption=\"Plic prima zi \u201dJoc de copii\u201d, 1985 (4)\" target=\"_blank\"><i class=\"icon-view\"><\/i><span class=\"overlay\"><\/span><img loading=\"lazy\" decoding=\"async\" width=\"150\" height=\"150\" src=\"https:\/\/muzeuciclism.ro\/wp-content\/uploads\/DSCN0653-150x150.jpg\" class=\"attachment-thumbnail size-thumbnail\" alt=\"\" \/><\/a><\/li><li><a data-fancybox=\"gallery572\" href=\"https:\/\/muzeuciclism.ro\/wp-content\/uploads\/DSCN0658.jpg\" class=\"eig-popup\" title=\"Plic prima zi Turul ciclist al Rom\u00e2niei, a XXIV-a edi\u021bie, 1986 (2)\" data-caption=\"Plic prima zi Turul ciclist al Rom\u00e2niei, a XXIV-a edi\u021bie, 1986 (2)\" target=\"_blank\"><i class=\"icon-view\"><\/i><span class=\"overlay\"><\/span><img loading=\"lazy\" decoding=\"async\" width=\"150\" height=\"150\" src=\"https:\/\/muzeuciclism.ro\/wp-content\/uploads\/DSCN0658-150x150.jpg\" class=\"attachment-thumbnail size-thumbnail\" alt=\"\" \/><\/a><\/li><li><a data-fancybox=\"gallery572\" href=\"https:\/\/muzeuciclism.ro\/wp-content\/uploads\/DSCN0659.jpg\" class=\"eig-popup\" title=\"Plic prima zi Turul ciclist al Rom\u00e2niei, a XXIV-a edi\u021bie, 1986 (3)\" data-caption=\"Plic prima zi Turul ciclist al Rom\u00e2niei, a XXIV-a edi\u021bie, 1986 (3)\" target=\"_blank\"><i class=\"icon-view\"><\/i><span class=\"overlay\"><\/span><img loading=\"lazy\" decoding=\"async\" width=\"150\" height=\"150\" src=\"https:\/\/muzeuciclism.ro\/wp-content\/uploads\/DSCN0659-150x150.jpg\" class=\"attachment-thumbnail size-thumbnail\" alt=\"\" \/><\/a><\/li><li><a data-fancybox=\"gallery572\" href=\"https:\/\/muzeuciclism.ro\/wp-content\/uploads\/DSCN0660.jpg\" class=\"eig-popup\" title=\"Plic prima zi Turul ciclist al Rom\u00e2niei, a XXIV-a edi\u021bie, 1986 (4)\" data-caption=\"Plic prima zi Turul ciclist al Rom\u00e2niei, a XXIV-a edi\u021bie, 1986 (4)\" target=\"_blank\"><i class=\"icon-view\"><\/i><span class=\"overlay\"><\/span><img loading=\"lazy\" decoding=\"async\" width=\"150\" height=\"150\" src=\"https:\/\/muzeuciclism.ro\/wp-content\/uploads\/DSCN0660-150x150.jpg\" class=\"attachment-thumbnail size-thumbnail\" alt=\"\" \/><\/a><\/li><li><a data-fancybox=\"gallery572\" href=\"https:\/\/muzeuciclism.ro\/wp-content\/uploads\/DSCN0667.jpg\" class=\"eig-popup\" title=\"Plic Turul ciclist al Rom\u00e2niei, a XXIV-a edi\u021bie, 1986, \u0219tampil\u0103 special\u0103 \u201dC\u0103lim\u0103ne\u0219ti\u201d\" data-caption=\"Plic Turul ciclist al Rom\u00e2niei, a XXIV-a edi\u021bie, 1986, \u0219tampil\u0103 special\u0103 \u201dC\u0103lim\u0103ne\u0219ti\u201d\" target=\"_blank\"><i class=\"icon-view\"><\/i><span class=\"overlay\"><\/span><img loading=\"lazy\" decoding=\"async\" width=\"150\" height=\"150\" src=\"https:\/\/muzeuciclism.ro\/wp-content\/uploads\/DSCN0667-150x150.jpg\" class=\"attachment-thumbnail size-thumbnail\" alt=\"\" \/><\/a><\/li><li><a data-fancybox=\"gallery572\" href=\"https:\/\/muzeuciclism.ro\/wp-content\/uploads\/DSCN0661.jpg\" class=\"eig-popup\" title=\"Plic Turul ciclist al Rom\u00e2niei, a XXIV-a edi\u021bie, 1986, \u0219tampil\u0103 special\u0103 \u201dSosire Bac\u0103u\u201d\" data-caption=\"Plic Turul ciclist al Rom\u00e2niei, a XXIV-a edi\u021bie, 1986, \u0219tampil\u0103 special\u0103 \u201dSosire Bac\u0103u\u201d\" target=\"_blank\"><i class=\"icon-view\"><\/i><span class=\"overlay\"><\/span><img loading=\"lazy\" decoding=\"async\" width=\"150\" height=\"150\" src=\"https:\/\/muzeuciclism.ro\/wp-content\/uploads\/DSCN0661-150x150.jpg\" class=\"attachment-thumbnail size-thumbnail\" alt=\"\" \/><\/a><\/li><li><a data-fancybox=\"gallery572\" href=\"https:\/\/muzeuciclism.ro\/wp-content\/uploads\/DSCN0662.jpg\" class=\"eig-popup\" title=\"Plic Turul ciclist al Rom\u00e2niei, a XXVI-a edi\u021bie, 1988, \u0219tampil\u0103 special\u0103 \u201dplecare Buz\u0103u\u201d\" data-caption=\"Plic Turul ciclist al Rom\u00e2niei, a XXVI-a edi\u021bie, 1988, \u0219tampil\u0103 special\u0103 \u201dplecare Buz\u0103u\u201d\" target=\"_blank\"><i class=\"icon-view\"><\/i><span class=\"overlay\"><\/span><img loading=\"lazy\" decoding=\"async\" width=\"150\" height=\"150\" src=\"https:\/\/muzeuciclism.ro\/wp-content\/uploads\/DSCN0662-150x150.jpg\" class=\"attachment-thumbnail size-thumbnail\" alt=\"\" \/><\/a><\/li><li><a data-fancybox=\"gallery572\" href=\"https:\/\/muzeuciclism.ro\/wp-content\/uploads\/DSCN1955_1.jpg\" class=\"eig-popup\" title=\"\u0218tampil\u0103 special\u0103 Turul ciclist al Rom\u00e2niei, edi\u021bia XXVII, 1989, \" data-caption=\"\u0218tampil\u0103 special\u0103 Turul ciclist al Rom\u00e2niei, edi\u021bia XXVII, 1989, \" target=\"_blank\"><i class=\"icon-view\"><\/i><span class=\"overlay\"><\/span><img loading=\"lazy\" decoding=\"async\" width=\"150\" height=\"150\" src=\"https:\/\/muzeuciclism.ro\/wp-content\/uploads\/DSCN1955_1-150x150.jpg\" class=\"attachment-thumbnail size-thumbnail\" alt=\"\" \/><\/a><\/li><li><a data-fancybox=\"gallery572\" href=\"https:\/\/muzeuciclism.ro\/wp-content\/uploads\/DSCN0663.jpg\" class=\"eig-popup\" title=\"Plic Turul ciclist al Rom\u00e2niei, a XX-a edi\u021bie, 1982, \u0219tampil\u0103 special\u0103 \u201dC\u0103ciulata\u201d\" data-caption=\"Plic Turul ciclist al Rom\u00e2niei, a XX-a edi\u021bie, 1982, \u0219tampil\u0103 special\u0103 \u201dC\u0103ciulata\u201d\" target=\"_blank\"><i class=\"icon-view\"><\/i><span class=\"overlay\"><\/span><img loading=\"lazy\" decoding=\"async\" width=\"150\" height=\"150\" src=\"https:\/\/muzeuciclism.ro\/wp-content\/uploads\/DSCN0663-150x150.jpg\" class=\"attachment-thumbnail size-thumbnail\" alt=\"\" \/><\/a><\/li><li><a data-fancybox=\"gallery572\" href=\"https:\/\/muzeuciclism.ro\/wp-content\/uploads\/DSCN0664.jpg\" class=\"eig-popup\" title=\"Plic Turul ciclist al Rom\u00e2niei, a XXIV-a edi\u021bie, 1986, \u0219tampil\u0103 special\u0103 \u201dC\u0103lim\u0103ne\u0219ti\u201d\" data-caption=\"Plic Turul ciclist al Rom\u00e2niei, a XXIV-a edi\u021bie, 1986, \u0219tampil\u0103 special\u0103 \u201dC\u0103lim\u0103ne\u0219ti\u201d\" target=\"_blank\"><i class=\"icon-view\"><\/i><span class=\"overlay\"><\/span><img loading=\"lazy\" decoding=\"async\" width=\"150\" height=\"150\" src=\"https:\/\/muzeuciclism.ro\/wp-content\/uploads\/DSCN0664-150x150.jpg\" class=\"attachment-thumbnail size-thumbnail\" alt=\"\" \/><\/a><\/li><li><a data-fancybox=\"gallery572\" href=\"https:\/\/muzeuciclism.ro\/wp-content\/uploads\/DSCN0654.jpg\" class=\"eig-popup\" title=\"Plic Turul Rom\u00e2niei edi\u021bia a XXXII-a, 1994, \u0219tampil\u0103 special\u0103 \u201dsosire, etapa Tg. Mure\u0219 - Cluj Napoca\u201d\" data-caption=\"Plic Turul Rom\u00e2niei edi\u021bia a XXXII-a, 1994, \u0219tampil\u0103 special\u0103 \u201dsosire, etapa Tg. Mure\u0219 - Cluj Napoca\u201d\" target=\"_blank\"><i class=\"icon-view\"><\/i><span class=\"overlay\"><\/span><img loading=\"lazy\" decoding=\"async\" width=\"150\" height=\"150\" src=\"https:\/\/muzeuciclism.ro\/wp-content\/uploads\/DSCN0654-150x150.jpg\" class=\"attachment-thumbnail size-thumbnail\" alt=\"\" \/><\/a><\/li><li><a data-fancybox=\"gallery572\" href=\"https:\/\/muzeuciclism.ro\/wp-content\/uploads\/DSCN0655.jpg\" class=\"eig-popup\" title=\"Plic Turul Rom\u00e2niei edi\u021bia a XXXII-a, 1994, \u0219tampil\u0103 special\u0103 \u201dplecare, etapa Cluj Napoca - Alba Iulia\u201d\" data-caption=\"Plic Turul Rom\u00e2niei edi\u021bia a XXXII-a, 1994, \u0219tampil\u0103 special\u0103 \u201dplecare, etapa Cluj Napoca - Alba Iulia\u201d\" target=\"_blank\"><i class=\"icon-view\"><\/i><span class=\"overlay\"><\/span><img loading=\"lazy\" decoding=\"async\" width=\"150\" height=\"150\" src=\"https:\/\/muzeuciclism.ro\/wp-content\/uploads\/DSCN0655-150x150.jpg\" class=\"attachment-thumbnail size-thumbnail\" alt=\"\" \/><\/a><\/li><li><a data-fancybox=\"gallery572\" href=\"https:\/\/muzeuciclism.ro\/wp-content\/uploads\/DSCN3797-1024x768.jpg\" class=\"eig-popup\" title=\"\" data-caption=\"\" target=\"_blank\"><i class=\"icon-view\"><\/i><span class=\"overlay\"><\/span><img loading=\"lazy\" decoding=\"async\" width=\"150\" height=\"150\" src=\"https:\/\/muzeuciclism.ro\/wp-content\/uploads\/DSCN3797-350x350.jpg\" class=\"attachment-thumbnail size-thumbnail\" alt=\"\" \/><\/a><\/li><li><a data-fancybox=\"gallery572\" href=\"https:\/\/muzeuciclism.ro\/wp-content\/uploads\/DSCN3798-1024x768.jpg\" class=\"eig-popup\" title=\"\" data-caption=\"\" target=\"_blank\"><i class=\"icon-view\"><\/i><span class=\"overlay\"><\/span><img loading=\"lazy\" decoding=\"async\" width=\"150\" height=\"150\" src=\"https:\/\/muzeuciclism.ro\/wp-content\/uploads\/DSCN3798-350x350.jpg\" class=\"attachment-thumbnail size-thumbnail\" alt=\"\" \/><\/a><\/li><li><a data-fancybox=\"gallery572\" href=\"https:\/\/muzeuciclism.ro\/wp-content\/uploads\/DSCN3799-1024x768.jpg\" class=\"eig-popup\" title=\"\" data-caption=\"\" target=\"_blank\"><i class=\"icon-view\"><\/i><span class=\"overlay\"><\/span><img loading=\"lazy\" decoding=\"async\" width=\"150\" height=\"150\" src=\"https:\/\/muzeuciclism.ro\/wp-content\/uploads\/DSCN3799-350x350.jpg\" class=\"attachment-thumbnail size-thumbnail\" alt=\"\" \/><\/a><\/li><li><a data-fancybox=\"gallery572\" href=\"https:\/\/muzeuciclism.ro\/wp-content\/uploads\/DSCN3800-1024x768.jpg\" class=\"eig-popup\" title=\"\" data-caption=\"\" target=\"_blank\"><i class=\"icon-view\"><\/i><span class=\"overlay\"><\/span><img loading=\"lazy\" decoding=\"async\" width=\"150\" height=\"150\" src=\"https:\/\/muzeuciclism.ro\/wp-content\/uploads\/DSCN3800-350x350.jpg\" class=\"attachment-thumbnail size-thumbnail\" alt=\"\" \/><\/a><\/li><li><a data-fancybox=\"gallery572\" href=\"https:\/\/muzeuciclism.ro\/wp-content\/uploads\/DSCN3801-1024x768.jpg\" class=\"eig-popup\" title=\"\" data-caption=\"\" target=\"_blank\"><i class=\"icon-view\"><\/i><span class=\"overlay\"><\/span><img loading=\"lazy\" decoding=\"async\" width=\"150\" height=\"150\" src=\"https:\/\/muzeuciclism.ro\/wp-content\/uploads\/DSCN3801-350x350.jpg\" class=\"attachment-thumbnail size-thumbnail\" alt=\"\" \/><\/a><\/li><li><a data-fancybox=\"gallery572\" href=\"https:\/\/muzeuciclism.ro\/wp-content\/uploads\/DSCN3802-1024x768.jpg\" class=\"eig-popup\" title=\"\" data-caption=\"\" target=\"_blank\"><i class=\"icon-view\"><\/i><span class=\"overlay\"><\/span><img loading=\"lazy\" decoding=\"async\" width=\"150\" height=\"150\" src=\"https:\/\/muzeuciclism.ro\/wp-content\/uploads\/DSCN3802-350x350.jpg\" class=\"attachment-thumbnail size-thumbnail\" alt=\"\" \/><\/a><\/li><li><a data-fancybox=\"gallery572\" href=\"https:\/\/muzeuciclism.ro\/wp-content\/uploads\/DSCN3803-1024x768.jpg\" class=\"eig-popup\" title=\"\" data-caption=\"\" target=\"_blank\"><i class=\"icon-view\"><\/i><span class=\"overlay\"><\/span><img loading=\"lazy\" decoding=\"async\" width=\"150\" height=\"150\" src=\"https:\/\/muzeuciclism.ro\/wp-content\/uploads\/DSCN3803-350x350.jpg\" class=\"attachment-thumbnail size-thumbnail\" alt=\"\" \/><\/a><\/li><li><a data-fancybox=\"gallery572\" href=\"https:\/\/muzeuciclism.ro\/wp-content\/uploads\/DSCN3804-1024x768.jpg\" class=\"eig-popup\" title=\"\" data-caption=\"\" target=\"_blank\"><i class=\"icon-view\"><\/i><span class=\"overlay\"><\/span><img loading=\"lazy\" decoding=\"async\" width=\"150\" height=\"150\" src=\"https:\/\/muzeuciclism.ro\/wp-content\/uploads\/DSCN3804-350x350.jpg\" class=\"attachment-thumbnail size-thumbnail\" alt=\"\" \/><\/a><\/li><\/ul>\n","protected":false},"excerpt":{"rendered":"","protected":false},"author":2,"featured_media":0,"parent":0,"menu_order":0,"comment_status":"open","ping_status":"closed","template":"","meta":{"footnotes":""},"class_list":["post-201","page","type-page","status-publish","czr-hentry"],"_links":{"self":[{"href":"https:\/\/muzeuciclism.ro\/index.php\/wp-json\/wp\/v2\/pages\/201","targetHints":{"allow":["GET"]}}],"collection":[{"href":"https:\/\/muzeuciclism.ro\/index.php\/wp-json\/wp\/v2\/pages"}],"about":[{"href":"https:\/\/muzeuciclism.ro\/index.php\/wp-json\/wp\/v2\/types\/page"}],"author":[{"embeddable":true,"href":"https:\/\/muzeuciclism.ro\/index.php\/wp-json\/wp\/v2\/users\/2"}],"replies":[{"embeddable":true,"href":"https:\/\/muzeuciclism.ro\/index.php\/wp-json\/wp\/v2\/comments?post=201"}],"version-history":[{"count":0,"href":"https:\/\/muzeuciclism.ro\/index.php\/wp-json\/wp\/v2\/pages\/201\/revisions"}],"wp:attachment":[{"href":"https:\/\/muzeuciclism.ro\/index.php\/wp-json\/wp\/v2\/media?parent=201"}],"curies":[{"name":"wp","href":"https:\/\/api.w.org\/{rel}","templated":true}]}}