{"id":184,"date":"2016-05-02T15:17:38","date_gmt":"2016-05-02T15:17:38","guid":{"rendered":"http:\/\/muzeuciclism.ro\/?page_id=184"},"modified":"2022-05-27T07:27:37","modified_gmt":"2022-05-27T07:27:37","slug":"reclame-pliante-carti-tehnice","status":"publish","type":"page","link":"https:\/\/muzeuciclism.ro\/index.php\/reclame-pliante-carti-tehnice\/","title":{"rendered":"Reclame, pliante, c\u0103r\u021bi tehnice"},"content":{"rendered":"\t                <ul class=\"easy-image-gallery thumbnails-29 linked\">\r\n                    <li><a data-fancybox=\"gallery323\" href=\"https:\/\/muzeuciclism.ro\/wp-content\/uploads\/DSCN0997.jpg\" class=\"eig-popup\" title=\"Reclam\u0103 biciclete Quinton la magazinul Leonida Piorkowski, Bucure\u0219ti, cca. 1900\" data-caption=\"Reclam\u0103 biciclete Quinton la magazinul Leonida Piorkowski, Bucure\u0219ti, cca. 1900\" target=\"_blank\"><i class=\"icon-view\"><\/i><span class=\"overlay\"><\/span><img loading=\"lazy\" decoding=\"async\" width=\"150\" height=\"150\" src=\"https:\/\/muzeuciclism.ro\/wp-content\/uploads\/DSCN0997-150x150.jpg\" class=\"attachment-thumbnail size-thumbnail\" alt=\"\" \/><\/a><\/li><li><a data-fancybox=\"gallery323\" href=\"https:\/\/muzeuciclism.ro\/wp-content\/uploads\/DSCN0996.jpg\" class=\"eig-popup\" title=\"Reclam\u0103 velocipede la magazinul E.I. Ressel, Bucure\u0219ti, cca. 1900\" data-caption=\"Reclam\u0103 velocipede la magazinul E.I. Ressel, Bucure\u0219ti, cca. 1900\" target=\"_blank\"><i class=\"icon-view\"><\/i><span class=\"overlay\"><\/span><img loading=\"lazy\" decoding=\"async\" width=\"150\" height=\"150\" src=\"https:\/\/muzeuciclism.ro\/wp-content\/uploads\/DSCN0996-150x150.jpg\" class=\"attachment-thumbnail size-thumbnail\" alt=\"\" \/><\/a><\/li><li><a data-fancybox=\"gallery323\" href=\"https:\/\/muzeuciclism.ro\/wp-content\/uploads\/DSCN1107.jpg\" class=\"eig-popup\" title=\"Catalog prezentare\/reclam\u0103 biciclete marca Mars (Germania), distribuit \u00een Rom\u00e2nia \u00een anul 1903 - 1\" data-caption=\"Catalog prezentare\/reclam\u0103 biciclete marca Mars (Germania), distribuit \u00een Rom\u00e2nia \u00een anul 1903 - 1\" target=\"_blank\"><i class=\"icon-view\"><\/i><span class=\"overlay\"><\/span><img loading=\"lazy\" decoding=\"async\" width=\"150\" height=\"150\" src=\"https:\/\/muzeuciclism.ro\/wp-content\/uploads\/DSCN1107-150x150.jpg\" class=\"attachment-thumbnail size-thumbnail\" alt=\"\" \/><\/a><\/li><li><a data-fancybox=\"gallery323\" href=\"https:\/\/muzeuciclism.ro\/wp-content\/uploads\/DSCN1109.jpg\" class=\"eig-popup\" title=\"Catalog prezentare\/reclam\u0103 biciclete marca Mars (Germania), distribuit \u00een Rom\u00e2nia \u00een anul 1903 - 2\" data-caption=\"Catalog prezentare\/reclam\u0103 biciclete marca Mars (Germania), distribuit \u00een Rom\u00e2nia \u00een anul 1903 - 2\" target=\"_blank\"><i class=\"icon-view\"><\/i><span class=\"overlay\"><\/span><img loading=\"lazy\" decoding=\"async\" width=\"150\" height=\"150\" src=\"https:\/\/muzeuciclism.ro\/wp-content\/uploads\/DSCN1109-150x150.jpg\" class=\"attachment-thumbnail size-thumbnail\" alt=\"\" \/><\/a><\/li><li><a data-fancybox=\"gallery323\" href=\"https:\/\/muzeuciclism.ro\/wp-content\/uploads\/DSCN1111.jpg\" class=\"eig-popup\" title=\"Catalog prezentare\/reclam\u0103 biciclete marca Mars (Germania), distribuit \u00een Rom\u00e2nia \u00een anul 1903 - 3\" data-caption=\"Catalog prezentare\/reclam\u0103 biciclete marca Mars (Germania), distribuit \u00een Rom\u00e2nia \u00een anul 1903 - 3\" target=\"_blank\"><i class=\"icon-view\"><\/i><span class=\"overlay\"><\/span><img loading=\"lazy\" decoding=\"async\" width=\"150\" height=\"150\" src=\"https:\/\/muzeuciclism.ro\/wp-content\/uploads\/DSCN1111-150x150.jpg\" class=\"attachment-thumbnail size-thumbnail\" alt=\"\" \/><\/a><\/li><li><a data-fancybox=\"gallery323\" href=\"https:\/\/muzeuciclism.ro\/wp-content\/uploads\/DSCN1115-1.jpg\" class=\"eig-popup\" title=\"Catalog prezentare\/reclam\u0103 biciclete marca Mars (Germania), distribuit \u00een Rom\u00e2nia \u00een anul 1903 - 4\" data-caption=\"Catalog prezentare\/reclam\u0103 biciclete marca Mars (Germania), distribuit \u00een Rom\u00e2nia \u00een anul 1903 - 4\" target=\"_blank\"><i class=\"icon-view\"><\/i><span class=\"overlay\"><\/span><img loading=\"lazy\" decoding=\"async\" width=\"150\" height=\"150\" src=\"https:\/\/muzeuciclism.ro\/wp-content\/uploads\/DSCN1115-1-150x150.jpg\" class=\"attachment-thumbnail size-thumbnail\" alt=\"\" \/><\/a><\/li><li><a data-fancybox=\"gallery323\" href=\"https:\/\/muzeuciclism.ro\/wp-content\/uploads\/mars_militar.jpg\" class=\"eig-popup\" title=\"Reclam\u0103 biciclet\u0103 militar\u0103 ap\u0103rut\u0103 \u00een catalogul de prezentare biciclete marca Mars (Germania), distribuit \u00een Rom\u00e2nia \u00een anul 1903 (de remarcat greutatea acesteia - 16 kg!)\" data-caption=\"Reclam\u0103 biciclet\u0103 militar\u0103 ap\u0103rut\u0103 \u00een catalogul de prezentare biciclete marca Mars (Germania), distribuit \u00een Rom\u00e2nia \u00een anul 1903 (de remarcat greutatea acesteia - 16 kg!)\" target=\"_blank\"><i class=\"icon-view\"><\/i><span class=\"overlay\"><\/span><img loading=\"lazy\" decoding=\"async\" width=\"150\" height=\"150\" src=\"https:\/\/muzeuciclism.ro\/wp-content\/uploads\/mars_militar-150x150.jpg\" class=\"attachment-thumbnail size-thumbnail\" alt=\"\" \/><\/a><\/li><li><a data-fancybox=\"gallery323\" href=\"https:\/\/muzeuciclism.ro\/wp-content\/uploads\/DSCN1623.jpg\" class=\"eig-popup\" title=\"Plic reclam\u0103 magazinul Hofmann din Oradea, magazin de biciclete \u0219i accesorii, importator \u0219i distribuitor al bicicletelor marca Brennabor, 1930 (celebru Constantin T\u0103nase mergea prin Bucure\u0219tiul anilor 1910 pe o biciclet\u0103 Brennabor)\" data-caption=\"Plic reclam\u0103 magazinul Hofmann din Oradea, magazin de biciclete \u0219i accesorii, importator \u0219i distribuitor al bicicletelor marca Brennabor, 1930 (celebru Constantin T\u0103nase mergea prin Bucure\u0219tiul anilor 1910 pe o biciclet\u0103 Brennabor)\" target=\"_blank\"><i class=\"icon-view\"><\/i><span class=\"overlay\"><\/span><img loading=\"lazy\" decoding=\"async\" width=\"150\" height=\"150\" src=\"https:\/\/muzeuciclism.ro\/wp-content\/uploads\/DSCN1623-150x150.jpg\" class=\"attachment-thumbnail size-thumbnail\" alt=\"\" \/><\/a><\/li><li><a data-fancybox=\"gallery323\" href=\"https:\/\/muzeuciclism.ro\/wp-content\/uploads\/DSCN0670.jpg\" class=\"eig-popup\" title=\"\u0218tampil\u0103 reclam\u0103 la Fabrica de biciclete \u201dBucure\u0219ti\u201d, pus\u0103 pe un plic circulat \u00een Rom\u00e2nia \u00een anul 1955\" data-caption=\"\u0218tampil\u0103 reclam\u0103 la Fabrica de biciclete \u201dBucure\u0219ti\u201d, pus\u0103 pe un plic circulat \u00een Rom\u00e2nia \u00een anul 1955\" target=\"_blank\"><i class=\"icon-view\"><\/i><span class=\"overlay\"><\/span><img loading=\"lazy\" decoding=\"async\" width=\"150\" height=\"150\" src=\"https:\/\/muzeuciclism.ro\/wp-content\/uploads\/DSCN0670-150x150.jpg\" class=\"attachment-thumbnail size-thumbnail\" alt=\"\" \/><\/a><\/li><li><a data-fancybox=\"gallery323\" href=\"https:\/\/muzeuciclism.ro\/wp-content\/uploads\/DSCN0706.jpg\" class=\"eig-popup\" title=\"Carte po\u0219tal\u0103 reclam\u0103 la bicicletele Carpa\u021bi cu sloganul \u201dRecreere - sport - odihn\u0103, toate le realiza\u021bi cump\u0103r\u00e2nd cu plata-n rate bicicleta tip Carpa\u021bi\u201d, anii 1960\" data-caption=\"Carte po\u0219tal\u0103 reclam\u0103 la bicicletele Carpa\u021bi cu sloganul \u201dRecreere - sport - odihn\u0103, toate le realiza\u021bi cump\u0103r\u00e2nd cu plata-n rate bicicleta tip Carpa\u021bi\u201d, anii 1960\" target=\"_blank\"><i class=\"icon-view\"><\/i><span class=\"overlay\"><\/span><img loading=\"lazy\" decoding=\"async\" width=\"150\" height=\"150\" src=\"https:\/\/muzeuciclism.ro\/wp-content\/uploads\/DSCN0706-150x150.jpg\" class=\"attachment-thumbnail size-thumbnail\" alt=\"\" \/><\/a><\/li><li><a data-fancybox=\"gallery323\" href=\"https:\/\/muzeuciclism.ro\/wp-content\/uploads\/DSCN0986.jpg\" class=\"eig-popup\" title=\"Pliant motor de biciclet\u0103 construit la Bra\u0219ov (Ora\u0219ul Stalin), anii 1950, fa\u021ba 1\" data-caption=\"Pliant motor de biciclet\u0103 construit la Bra\u0219ov (Ora\u0219ul Stalin), anii 1950, fa\u021ba 1\" target=\"_blank\"><i class=\"icon-view\"><\/i><span class=\"overlay\"><\/span><img loading=\"lazy\" decoding=\"async\" width=\"150\" height=\"150\" src=\"https:\/\/muzeuciclism.ro\/wp-content\/uploads\/DSCN0986-150x150.jpg\" class=\"attachment-thumbnail size-thumbnail\" alt=\"\" \/><\/a><\/li><li><a data-fancybox=\"gallery323\" href=\"https:\/\/muzeuciclism.ro\/wp-content\/uploads\/DSCN0987.jpg\" class=\"eig-popup\" title=\"Pliant motor de biciclet\u0103 construit la Bra\u0219ov (Ora\u0219ul Stalin), anii 1950, fa\u021ba 2\" data-caption=\"Pliant motor de biciclet\u0103 construit la Bra\u0219ov (Ora\u0219ul Stalin), anii 1950, fa\u021ba 2\" target=\"_blank\"><i class=\"icon-view\"><\/i><span class=\"overlay\"><\/span><img loading=\"lazy\" decoding=\"async\" width=\"150\" height=\"150\" src=\"https:\/\/muzeuciclism.ro\/wp-content\/uploads\/DSCN0987-150x150.jpg\" class=\"attachment-thumbnail size-thumbnail\" alt=\"\" \/><\/a><\/li><li><a data-fancybox=\"gallery323\" href=\"https:\/\/muzeuciclism.ro\/wp-content\/uploads\/DSCN0984.jpg\" class=\"eig-popup\" title=\"Instruc\u021biuni folosire bicicleta Pegas camping (fa\u021ba 1)\" data-caption=\"Instruc\u021biuni folosire bicicleta Pegas camping (fa\u021ba 1)\" target=\"_blank\"><i class=\"icon-view\"><\/i><span class=\"overlay\"><\/span><img loading=\"lazy\" decoding=\"async\" width=\"150\" height=\"150\" src=\"https:\/\/muzeuciclism.ro\/wp-content\/uploads\/DSCN0984-150x150.jpg\" class=\"attachment-thumbnail size-thumbnail\" alt=\"\" \/><\/a><\/li><li><a data-fancybox=\"gallery323\" href=\"https:\/\/muzeuciclism.ro\/wp-content\/uploads\/DSCN0985.jpg\" class=\"eig-popup\" title=\"Instruc\u021biuni folosire bicicleta Pegas camping (fa\u021ba 2)\" data-caption=\"Instruc\u021biuni folosire bicicleta Pegas camping (fa\u021ba 2)\" target=\"_blank\"><i class=\"icon-view\"><\/i><span class=\"overlay\"><\/span><img loading=\"lazy\" decoding=\"async\" width=\"150\" height=\"150\" src=\"https:\/\/muzeuciclism.ro\/wp-content\/uploads\/DSCN0985-150x150.jpg\" class=\"attachment-thumbnail size-thumbnail\" alt=\"\" \/><\/a><\/li><li><a data-fancybox=\"gallery323\" href=\"https:\/\/muzeuciclism.ro\/wp-content\/uploads\/DSCN0988.jpg\" class=\"eig-popup\" title=\"Instruc\u021biuni folosire bicicleta Pegas model 41 \u0219i 51 (fa\u021ba 1)\" data-caption=\"Instruc\u021biuni folosire bicicleta Pegas model 41 \u0219i 51 (fa\u021ba 1)\" target=\"_blank\"><i class=\"icon-view\"><\/i><span class=\"overlay\"><\/span><img loading=\"lazy\" decoding=\"async\" width=\"150\" height=\"150\" src=\"https:\/\/muzeuciclism.ro\/wp-content\/uploads\/DSCN0988-150x150.jpg\" class=\"attachment-thumbnail size-thumbnail\" alt=\"\" \/><\/a><\/li><li><a data-fancybox=\"gallery323\" href=\"https:\/\/muzeuciclism.ro\/wp-content\/uploads\/DSCN0991.jpg\" class=\"eig-popup\" title=\"Instruc\u021biuni folosire bicicleta Pegas model 41 \u0219i 51 (fa\u021ba 2)\" data-caption=\"Instruc\u021biuni folosire bicicleta Pegas model 41 \u0219i 51 (fa\u021ba 2)\" target=\"_blank\"><i class=\"icon-view\"><\/i><span class=\"overlay\"><\/span><img loading=\"lazy\" decoding=\"async\" width=\"150\" height=\"150\" src=\"https:\/\/muzeuciclism.ro\/wp-content\/uploads\/DSCN0991-150x150.jpg\" class=\"attachment-thumbnail size-thumbnail\" alt=\"\" \/><\/a><\/li><li><a data-fancybox=\"gallery323\" href=\"https:\/\/muzeuciclism.ro\/wp-content\/uploads\/DSCN0665.jpg\" class=\"eig-popup\" title=\"Plic reclam\u0103 Butan Gas, de remarcat biciclet\u0103 utilitar\u0103 pentru transportul buteliilor, cu men\u021biunea \u201dPrimul mijloc de transport butelii din lume\u201d\" data-caption=\"Plic reclam\u0103 Butan Gas, de remarcat biciclet\u0103 utilitar\u0103 pentru transportul buteliilor, cu men\u021biunea \u201dPrimul mijloc de transport butelii din lume\u201d\" target=\"_blank\"><i class=\"icon-view\"><\/i><span class=\"overlay\"><\/span><img loading=\"lazy\" decoding=\"async\" width=\"150\" height=\"150\" src=\"https:\/\/muzeuciclism.ro\/wp-content\/uploads\/DSCN0665-150x150.jpg\" class=\"attachment-thumbnail size-thumbnail\" alt=\"\" \/><\/a><\/li><li><a data-fancybox=\"gallery323\" href=\"https:\/\/muzeuciclism.ro\/wp-content\/uploads\/DSCN1268.jpg\" class=\"eig-popup\" title=\"Carte tehnic\u0103 Pegas 3024 Comoda \u0219i 3120 Practic\" data-caption=\"Carte tehnic\u0103 Pegas 3024 Comoda \u0219i 3120 Practic\" target=\"_blank\"><i class=\"icon-view\"><\/i><span class=\"overlay\"><\/span><img loading=\"lazy\" decoding=\"async\" width=\"150\" height=\"150\" src=\"https:\/\/muzeuciclism.ro\/wp-content\/uploads\/DSCN1268-150x150.jpg\" class=\"attachment-thumbnail size-thumbnail\" alt=\"\" \/><\/a><\/li><li><a data-fancybox=\"gallery323\" href=\"https:\/\/muzeuciclism.ro\/wp-content\/uploads\/DSCN1458.jpg\" class=\"eig-popup\" title=\"Certificat garan\u021bie biciclet\u0103 Pegas 3130, Uzina Mecanic\u0103 Tohan (1)\" data-caption=\"Certificat garan\u021bie biciclet\u0103 Pegas 3130, Uzina Mecanic\u0103 Tohan (1)\" target=\"_blank\"><i class=\"icon-view\"><\/i><span class=\"overlay\"><\/span><img loading=\"lazy\" decoding=\"async\" width=\"150\" height=\"150\" src=\"https:\/\/muzeuciclism.ro\/wp-content\/uploads\/DSCN1458-150x150.jpg\" class=\"attachment-thumbnail size-thumbnail\" alt=\"\" \/><\/a><\/li><li><a data-fancybox=\"gallery323\" href=\"https:\/\/muzeuciclism.ro\/wp-content\/uploads\/DSCN1459.jpg\" class=\"eig-popup\" title=\"Certificat garan\u021bie biciclet\u0103 Pegas 3130, Uzina Mecanic\u0103 Tohan (2)\" data-caption=\"Certificat garan\u021bie biciclet\u0103 Pegas 3130, Uzina Mecanic\u0103 Tohan (2)\" target=\"_blank\"><i class=\"icon-view\"><\/i><span class=\"overlay\"><\/span><img loading=\"lazy\" decoding=\"async\" width=\"150\" height=\"150\" src=\"https:\/\/muzeuciclism.ro\/wp-content\/uploads\/DSCN1459-150x150.jpg\" class=\"attachment-thumbnail size-thumbnail\" alt=\"\" \/><\/a><\/li><li><a data-fancybox=\"gallery323\" href=\"https:\/\/muzeuciclism.ro\/wp-content\/uploads\/DSCN1456.jpg\" class=\"eig-popup\" title=\"Lista cooperativelor care asigur\u0103 asisten\u021b\u0103 tehnic\u0103 la biciclete \u0219i motorete \u00een garan\u021bie (1)\" data-caption=\"Lista cooperativelor care asigur\u0103 asisten\u021b\u0103 tehnic\u0103 la biciclete \u0219i motorete \u00een garan\u021bie (1)\" target=\"_blank\"><i class=\"icon-view\"><\/i><span class=\"overlay\"><\/span><img loading=\"lazy\" decoding=\"async\" width=\"150\" height=\"150\" src=\"https:\/\/muzeuciclism.ro\/wp-content\/uploads\/DSCN1456-150x150.jpg\" class=\"attachment-thumbnail size-thumbnail\" alt=\"\" \/><\/a><\/li><li><a data-fancybox=\"gallery323\" href=\"https:\/\/muzeuciclism.ro\/wp-content\/uploads\/DSCN1457.jpg\" class=\"eig-popup\" title=\"Lista cooperativelor care asigur\u0103 asisten\u021b\u0103 tehnic\u0103 la biciclete \u0219i motorete \u00een garan\u021bie (2)\" data-caption=\"Lista cooperativelor care asigur\u0103 asisten\u021b\u0103 tehnic\u0103 la biciclete \u0219i motorete \u00een garan\u021bie (2)\" target=\"_blank\"><i class=\"icon-view\"><\/i><span class=\"overlay\"><\/span><img loading=\"lazy\" decoding=\"async\" width=\"150\" height=\"150\" src=\"https:\/\/muzeuciclism.ro\/wp-content\/uploads\/DSCN1457-150x150.jpg\" class=\"attachment-thumbnail size-thumbnail\" alt=\"\" \/><\/a><\/li><li><a data-fancybox=\"gallery323\" href=\"https:\/\/muzeuciclism.ro\/wp-content\/uploads\/DSCN1548-1.jpg\" class=\"eig-popup\" title=\"Carte tehnic\u0103 Pegas Torpedo 2128\" data-caption=\"Carte tehnic\u0103 Pegas Torpedo 2128\" target=\"_blank\"><i class=\"icon-view\"><\/i><span class=\"overlay\"><\/span><img loading=\"lazy\" decoding=\"async\" width=\"150\" height=\"150\" src=\"https:\/\/muzeuciclism.ro\/wp-content\/uploads\/DSCN1548-1-150x150.jpg\" class=\"attachment-thumbnail size-thumbnail\" alt=\"\" \/><\/a><\/li><li><a data-fancybox=\"gallery323\" href=\"https:\/\/muzeuciclism.ro\/wp-content\/uploads\/DSCN1550.jpg\" class=\"eig-popup\" title=\"Certificat garan\u021bie Pegas Torpedo 2128\" data-caption=\"Certificat garan\u021bie Pegas Torpedo 2128\" target=\"_blank\"><i class=\"icon-view\"><\/i><span class=\"overlay\"><\/span><img loading=\"lazy\" decoding=\"async\" width=\"150\" height=\"150\" src=\"https:\/\/muzeuciclism.ro\/wp-content\/uploads\/DSCN1550-150x150.jpg\" class=\"attachment-thumbnail size-thumbnail\" alt=\"\" \/><\/a><\/li><li><a data-fancybox=\"gallery323\" href=\"https:\/\/muzeuciclism.ro\/wp-content\/uploads\/DSCN1551.jpg\" class=\"eig-popup\" title=\"Repara\u021bii \u00een garan\u021bie Pegas Torpedo 2128\" data-caption=\"Repara\u021bii \u00een garan\u021bie Pegas Torpedo 2128\" target=\"_blank\"><i class=\"icon-view\"><\/i><span class=\"overlay\"><\/span><img loading=\"lazy\" decoding=\"async\" width=\"150\" height=\"150\" src=\"https:\/\/muzeuciclism.ro\/wp-content\/uploads\/DSCN1551-150x150.jpg\" class=\"attachment-thumbnail size-thumbnail\" alt=\"\" \/><\/a><\/li><li><a data-fancybox=\"gallery323\" href=\"https:\/\/muzeuciclism.ro\/wp-content\/uploads\/DSCN3924-697x1024.jpg\" class=\"eig-popup\" title=\"Carte tehnic\u0103 biciclet\u0103 Pegas 2128 Torpedo\" data-caption=\"Carte tehnic\u0103 biciclet\u0103 Pegas 2128 Torpedo\" target=\"_blank\"><i class=\"icon-view\"><\/i><span class=\"overlay\"><\/span><img loading=\"lazy\" decoding=\"async\" width=\"150\" height=\"150\" src=\"https:\/\/muzeuciclism.ro\/wp-content\/uploads\/DSCN3924-150x150.jpg\" class=\"attachment-thumbnail size-thumbnail\" alt=\"\" \/><\/a><\/li><li><a data-fancybox=\"gallery323\" href=\"https:\/\/muzeuciclism.ro\/wp-content\/uploads\/DSCN4075-1-1024x489.jpg\" class=\"eig-popup\" title=\"Carte tehnic\u0103 biciclet\u0103 Carpa\u021bi tip \u201dTurist\u201d \u0219i \u201dDiana\u201d (varianta pentru export, edi\u021bie bilingv\u0103 rom\u00e2n\u0103 - englez\u0103)\" data-caption=\"Carte tehnic\u0103 biciclet\u0103 Carpa\u021bi tip \u201dTurist\u201d \u0219i \u201dDiana\u201d (varianta pentru export, edi\u021bie bilingv\u0103 rom\u00e2n\u0103 - englez\u0103)\" target=\"_blank\"><i class=\"icon-view\"><\/i><span class=\"overlay\"><\/span><img loading=\"lazy\" decoding=\"async\" width=\"150\" height=\"150\" src=\"https:\/\/muzeuciclism.ro\/wp-content\/uploads\/DSCN4075-1-150x150.jpg\" class=\"attachment-thumbnail size-thumbnail\" alt=\"\" \/><\/a><\/li><li><a data-fancybox=\"gallery323\" href=\"https:\/\/muzeuciclism.ro\/wp-content\/uploads\/DSCN3925-1024x655.jpg\" class=\"eig-popup\" title=\"Catalog piese de schimb biciclete adul\u021bi A75, \u00centreprinderea 6 Martie Z\u0103rne\u0219ti Rom\u00e2nia\" data-caption=\"Catalog piese de schimb biciclete adul\u021bi A75, \u00centreprinderea 6 Martie Z\u0103rne\u0219ti Rom\u00e2nia\" target=\"_blank\"><i class=\"icon-view\"><\/i><span class=\"overlay\"><\/span><img loading=\"lazy\" decoding=\"async\" width=\"150\" height=\"150\" src=\"https:\/\/muzeuciclism.ro\/wp-content\/uploads\/DSCN3925-150x150.jpg\" class=\"attachment-thumbnail size-thumbnail\" alt=\"\" \/><\/a><\/li><li><a data-fancybox=\"gallery323\" href=\"https:\/\/muzeuciclism.ro\/wp-content\/uploads\/DSCN3923.jpg\" class=\"eig-popup\" title=\"Carte tehnic\u0103 biciclet\u0103 Pegas Mini 1212\" data-caption=\"Carte tehnic\u0103 biciclet\u0103 Pegas Mini 1212\" target=\"_blank\"><i class=\"icon-view\"><\/i><span class=\"overlay\"><\/span><img loading=\"lazy\" decoding=\"async\" width=\"150\" height=\"150\" src=\"https:\/\/muzeuciclism.ro\/wp-content\/uploads\/DSCN3923-150x150.jpg\" class=\"attachment-thumbnail size-thumbnail\" alt=\"\" \/><\/a><\/li><\/ul>\n","protected":false},"excerpt":{"rendered":"","protected":false},"author":2,"featured_media":0,"parent":0,"menu_order":0,"comment_status":"open","ping_status":"closed","template":"","meta":{"footnotes":""},"class_list":["post-184","page","type-page","status-publish","czr-hentry"],"_links":{"self":[{"href":"https:\/\/muzeuciclism.ro\/index.php\/wp-json\/wp\/v2\/pages\/184","targetHints":{"allow":["GET"]}}],"collection":[{"href":"https:\/\/muzeuciclism.ro\/index.php\/wp-json\/wp\/v2\/pages"}],"about":[{"href":"https:\/\/muzeuciclism.ro\/index.php\/wp-json\/wp\/v2\/types\/page"}],"author":[{"embeddable":true,"href":"https:\/\/muzeuciclism.ro\/index.php\/wp-json\/wp\/v2\/users\/2"}],"replies":[{"embeddable":true,"href":"https:\/\/muzeuciclism.ro\/index.php\/wp-json\/wp\/v2\/comments?post=184"}],"version-history":[{"count":0,"href":"https:\/\/muzeuciclism.ro\/index.php\/wp-json\/wp\/v2\/pages\/184\/revisions"}],"wp:attachment":[{"href":"https:\/\/muzeuciclism.ro\/index.php\/wp-json\/wp\/v2\/media?parent=184"}],"curies":[{"name":"wp","href":"https:\/\/api.w.org\/{rel}","templated":true}]}}