{"id":169,"date":"2016-05-02T15:06:22","date_gmt":"2016-05-02T15:06:22","guid":{"rendered":"http:\/\/muzeuciclism.ro\/?page_id=169"},"modified":"2019-02-08T17:08:53","modified_gmt":"2019-02-08T17:08:53","slug":"carti-brosuri-pliante","status":"publish","type":"page","link":"https:\/\/muzeuciclism.ro\/index.php\/carti-brosuri-pliante\/","title":{"rendered":"C\u0103r\u021bi, bro\u0219uri, pliante"},"content":{"rendered":"\t                <ul class=\"easy-image-gallery thumbnails-33 linked\">\r\n                    <li><a data-fancybox=\"gallery555\" href=\"https:\/\/muzeuciclism.ro\/wp-content\/uploads\/DSCN1307.jpg\" class=\"eig-popup\" title=\"\u00censemn\u0103rile unui biciclist, Darv Cr. Voiculescu, 1913 (1)\" data-caption=\"\u00censemn\u0103rile unui biciclist, Darv Cr. Voiculescu, 1913 (1)\" target=\"_blank\"><i class=\"icon-view\"><\/i><span class=\"overlay\"><\/span><img loading=\"lazy\" decoding=\"async\" width=\"150\" height=\"150\" src=\"https:\/\/muzeuciclism.ro\/wp-content\/uploads\/DSCN1307-150x150.jpg\" class=\"attachment-thumbnail size-thumbnail\" alt=\"\" \/><\/a><\/li><li><a data-fancybox=\"gallery555\" href=\"https:\/\/muzeuciclism.ro\/wp-content\/uploads\/DSCN1308.jpg\" class=\"eig-popup\" title=\"\u00censemn\u0103rile unui biciclist, Darv Cr. Voiculescu, 1913 (2)\" data-caption=\"\u00censemn\u0103rile unui biciclist, Darv Cr. Voiculescu, 1913 (2)\" target=\"_blank\"><i class=\"icon-view\"><\/i><span class=\"overlay\"><\/span><img loading=\"lazy\" decoding=\"async\" width=\"150\" height=\"150\" src=\"https:\/\/muzeuciclism.ro\/wp-content\/uploads\/DSCN1308-150x150.jpg\" class=\"attachment-thumbnail size-thumbnail\" alt=\"\" srcset=\"https:\/\/muzeuciclism.ro\/wp-content\/uploads\/DSCN1308-150x150.jpg 150w, https:\/\/muzeuciclism.ro\/wp-content\/uploads\/DSCN1308-248x250.jpg 248w\" sizes=\"auto, (max-width: 150px) 100vw, 150px\" \/><\/a><\/li><li><a data-fancybox=\"gallery555\" href=\"https:\/\/muzeuciclism.ro\/wp-content\/uploads\/DSCN1266.jpg\" class=\"eig-popup\" title=\"Bicicleta \u0219i motocicleta, Colec\u021bia Sportiv\u0103, 1924\" data-caption=\"Bicicleta \u0219i motocicleta, Colec\u021bia Sportiv\u0103, 1924\" target=\"_blank\"><i class=\"icon-view\"><\/i><span class=\"overlay\"><\/span><img loading=\"lazy\" decoding=\"async\" width=\"150\" height=\"150\" src=\"https:\/\/muzeuciclism.ro\/wp-content\/uploads\/DSCN1266-150x150.jpg\" class=\"attachment-thumbnail size-thumbnail\" alt=\"\" \/><\/a><\/li><li><a data-fancybox=\"gallery555\" href=\"https:\/\/muzeuciclism.ro\/wp-content\/uploads\/DSCN1273.jpg\" class=\"eig-popup\" title=\"Revista infanteriei, no.217, noiembrie 1924 - articol \u201dUnit\u0103\u021bile de cicli\u0219ti\u201d de maior Const. Negulescu (1)\" data-caption=\"Revista infanteriei, no.217, noiembrie 1924 - articol \u201dUnit\u0103\u021bile de cicli\u0219ti\u201d de maior Const. Negulescu (1)\" target=\"_blank\"><i class=\"icon-view\"><\/i><span class=\"overlay\"><\/span><img loading=\"lazy\" decoding=\"async\" width=\"150\" height=\"150\" src=\"https:\/\/muzeuciclism.ro\/wp-content\/uploads\/DSCN1273-150x150.jpg\" class=\"attachment-thumbnail size-thumbnail\" alt=\"\" \/><\/a><\/li><li><a data-fancybox=\"gallery555\" href=\"https:\/\/muzeuciclism.ro\/wp-content\/uploads\/DSCN1274.jpg\" class=\"eig-popup\" title=\"Revista infanteriei, no.217, noiembrie 1924 - articol \u201dUnit\u0103\u021bile de cicli\u0219ti\u201d de maior Const. Negulescu (2)\" data-caption=\"Revista infanteriei, no.217, noiembrie 1924 - articol \u201dUnit\u0103\u021bile de cicli\u0219ti\u201d de maior Const. Negulescu (2)\" target=\"_blank\"><i class=\"icon-view\"><\/i><span class=\"overlay\"><\/span><img loading=\"lazy\" decoding=\"async\" width=\"150\" height=\"150\" src=\"https:\/\/muzeuciclism.ro\/wp-content\/uploads\/DSCN1274-150x150.jpg\" class=\"attachment-thumbnail size-thumbnail\" alt=\"\" \/><\/a><\/li><li><a data-fancybox=\"gallery555\" href=\"https:\/\/muzeuciclism.ro\/wp-content\/uploads\/DSCN1264.jpg\" class=\"eig-popup\" title=\"Prima biciclet\u0103, George Cimbru\" data-caption=\"Prima biciclet\u0103, George Cimbru\" target=\"_blank\"><i class=\"icon-view\"><\/i><span class=\"overlay\"><\/span><img loading=\"lazy\" decoding=\"async\" width=\"150\" height=\"150\" src=\"https:\/\/muzeuciclism.ro\/wp-content\/uploads\/DSCN1264-150x150.jpg\" class=\"attachment-thumbnail size-thumbnail\" alt=\"\" \/><\/a><\/li><li><a data-fancybox=\"gallery555\" href=\"https:\/\/muzeuciclism.ro\/wp-content\/uploads\/DSCN1236.jpg\" class=\"eig-popup\" title=\"Ciclism, N. O\u021beleanu \u0219i I. Istrate, 1957\" data-caption=\"Ciclism, N. O\u021beleanu \u0219i I. Istrate, 1957\" target=\"_blank\"><i class=\"icon-view\"><\/i><span class=\"overlay\"><\/span><img loading=\"lazy\" decoding=\"async\" width=\"150\" height=\"150\" src=\"https:\/\/muzeuciclism.ro\/wp-content\/uploads\/DSCN1236-150x150.jpg\" class=\"attachment-thumbnail size-thumbnail\" alt=\"\" \/><\/a><\/li><li><a data-fancybox=\"gallery555\" href=\"https:\/\/muzeuciclism.ro\/wp-content\/uploads\/DSCN1249.jpg\" class=\"eig-popup\" title=\"Cursa Sc\u00e2nteii de-a lungul anilor 1948 - 1957, Em. Iecec \u0219i H. Naum, 1957\" data-caption=\"Cursa Sc\u00e2nteii de-a lungul anilor 1948 - 1957, Em. Iecec \u0219i H. Naum, 1957\" target=\"_blank\"><i class=\"icon-view\"><\/i><span class=\"overlay\"><\/span><img loading=\"lazy\" decoding=\"async\" width=\"150\" height=\"150\" src=\"https:\/\/muzeuciclism.ro\/wp-content\/uploads\/DSCN1249-150x150.jpg\" class=\"attachment-thumbnail size-thumbnail\" alt=\"\" \/><\/a><\/li><li><a data-fancybox=\"gallery555\" href=\"https:\/\/muzeuciclism.ro\/wp-content\/uploads\/DSCN1247.jpg\" class=\"eig-popup\" title=\"Var\u0219ovi - Berlin - Praga, Amintiri din Cursa P\u0103cii 1956, Em. Iencec, 1957\" data-caption=\"Var\u0219ovi - Berlin - Praga, Amintiri din Cursa P\u0103cii 1956, Em. Iencec, 1957\" target=\"_blank\"><i class=\"icon-view\"><\/i><span class=\"overlay\"><\/span><img loading=\"lazy\" decoding=\"async\" width=\"150\" height=\"150\" src=\"https:\/\/muzeuciclism.ro\/wp-content\/uploads\/DSCN1247-150x150.jpg\" class=\"attachment-thumbnail size-thumbnail\" alt=\"\" \/><\/a><\/li><li><a data-fancybox=\"gallery555\" href=\"https:\/\/muzeuciclism.ro\/wp-content\/uploads\/DSCN1545.jpg\" class=\"eig-popup\" title=\"\u00cenva\u021b\u0103 singur ciclismul, V. Zverev, Editura Cultur\u0103 Fizic\u0103 \u0219i Sport, 1961\" data-caption=\"\u00cenva\u021b\u0103 singur ciclismul, V. Zverev, Editura Cultur\u0103 Fizic\u0103 \u0219i Sport, 1961\" target=\"_blank\"><i class=\"icon-view\"><\/i><span class=\"overlay\"><\/span><img loading=\"lazy\" decoding=\"async\" width=\"150\" height=\"150\" src=\"https:\/\/muzeuciclism.ro\/wp-content\/uploads\/DSCN1545-150x150.jpg\" class=\"attachment-thumbnail size-thumbnail\" alt=\"\" \/><\/a><\/li><li><a data-fancybox=\"gallery555\" href=\"https:\/\/muzeuciclism.ro\/wp-content\/uploads\/DSCN1470.jpg\" class=\"eig-popup\" title=\"Em. Iencec - Scrisori c\u0103tre tinerii cicli\u0219ti, Ed. Tineretului, 1959\" data-caption=\"Em. Iencec - Scrisori c\u0103tre tinerii cicli\u0219ti, Ed. Tineretului, 1959\" target=\"_blank\"><i class=\"icon-view\"><\/i><span class=\"overlay\"><\/span><img loading=\"lazy\" decoding=\"async\" width=\"150\" height=\"150\" src=\"https:\/\/muzeuciclism.ro\/wp-content\/uploads\/DSCN1470-150x150.jpg\" class=\"attachment-thumbnail size-thumbnail\" alt=\"\" \/><\/a><\/li><li><a data-fancybox=\"gallery555\" href=\"https:\/\/muzeuciclism.ro\/wp-content\/uploads\/DSCN1253.jpg\" class=\"eig-popup\" title=\"Bicicleta, Al. Calista, 1962\" data-caption=\"Bicicleta, Al. Calista, 1962\" target=\"_blank\"><i class=\"icon-view\"><\/i><span class=\"overlay\"><\/span><img loading=\"lazy\" decoding=\"async\" width=\"150\" height=\"150\" src=\"https:\/\/muzeuciclism.ro\/wp-content\/uploads\/DSCN1253-150x150.jpg\" class=\"attachment-thumbnail size-thumbnail\" alt=\"\" \/><\/a><\/li><li><a data-fancybox=\"gallery555\" href=\"https:\/\/muzeuciclism.ro\/wp-content\/uploads\/DSCN1255.jpg\" class=\"eig-popup\" title=\"Amintirile unui ciclist, Jaques Anquetil, 1967\" data-caption=\"Amintirile unui ciclist, Jaques Anquetil, 1967\" target=\"_blank\"><i class=\"icon-view\"><\/i><span class=\"overlay\"><\/span><img loading=\"lazy\" decoding=\"async\" width=\"150\" height=\"150\" src=\"https:\/\/muzeuciclism.ro\/wp-content\/uploads\/DSCN1255-150x150.jpg\" class=\"attachment-thumbnail size-thumbnail\" alt=\"\" \/><\/a><\/li><li><a data-fancybox=\"gallery555\" href=\"https:\/\/muzeuciclism.ro\/wp-content\/uploads\/DSCN1462.jpg\" class=\"eig-popup\" title=\"I. Goga - Il campionissimo, Fausto Coppi, 1970\" data-caption=\"I. Goga - Il campionissimo, Fausto Coppi, 1970\" target=\"_blank\"><i class=\"icon-view\"><\/i><span class=\"overlay\"><\/span><img loading=\"lazy\" decoding=\"async\" width=\"150\" height=\"150\" src=\"https:\/\/muzeuciclism.ro\/wp-content\/uploads\/DSCN1462-150x150.jpg\" class=\"attachment-thumbnail size-thumbnail\" alt=\"\" \/><\/a><\/li><li><a data-fancybox=\"gallery555\" href=\"https:\/\/muzeuciclism.ro\/wp-content\/uploads\/DSCN1242.jpg\" class=\"eig-popup\" title=\"A\u0219ii pedalei, I. Goga \u0219i E. Iencec, 1971\" data-caption=\"A\u0219ii pedalei, I. Goga \u0219i E. Iencec, 1971\" target=\"_blank\"><i class=\"icon-view\"><\/i><span class=\"overlay\"><\/span><img loading=\"lazy\" decoding=\"async\" width=\"150\" height=\"150\" src=\"https:\/\/muzeuciclism.ro\/wp-content\/uploads\/DSCN1242-150x150.jpg\" class=\"attachment-thumbnail size-thumbnail\" alt=\"\" \/><\/a><\/li><li><a data-fancybox=\"gallery555\" href=\"https:\/\/muzeuciclism.ro\/wp-content\/uploads\/DSCN1244.jpg\" class=\"eig-popup\" title=\"Din Muscel la Piramide cu Gabriel Moiceanu, Em. Iencec, 1973\" data-caption=\"Din Muscel la Piramide cu Gabriel Moiceanu, Em. Iencec, 1973\" target=\"_blank\"><i class=\"icon-view\"><\/i><span class=\"overlay\"><\/span><img loading=\"lazy\" decoding=\"async\" width=\"150\" height=\"150\" src=\"https:\/\/muzeuciclism.ro\/wp-content\/uploads\/DSCN1244-150x150.jpg\" class=\"attachment-thumbnail size-thumbnail\" alt=\"\" \/><\/a><\/li><li><a data-fancybox=\"gallery555\" href=\"https:\/\/muzeuciclism.ro\/wp-content\/uploads\/DSCN1240.jpg\" class=\"eig-popup\" title=\"Ciclism, I. Istrate, 1975\" data-caption=\"Ciclism, I. Istrate, 1975\" target=\"_blank\"><i class=\"icon-view\"><\/i><span class=\"overlay\"><\/span><img loading=\"lazy\" decoding=\"async\" width=\"150\" height=\"150\" src=\"https:\/\/muzeuciclism.ro\/wp-content\/uploads\/DSCN1240-150x150.jpg\" class=\"attachment-thumbnail size-thumbnail\" alt=\"\" \/><\/a><\/li><li><a data-fancybox=\"gallery555\" href=\"https:\/\/muzeuciclism.ro\/wp-content\/uploads\/DSCN1468.jpg\" class=\"eig-popup\" title=\"E. Iencec, Gh. \u0218tef\u0103nescu - Tot pe drum, pe drum, pe drum...cu Nicolae Ion \u021aapu, Bucure\u0219ti, 1969\" data-caption=\"E. Iencec, Gh. \u0218tef\u0103nescu - Tot pe drum, pe drum, pe drum...cu Nicolae Ion \u021aapu, Bucure\u0219ti, 1969\" target=\"_blank\"><i class=\"icon-view\"><\/i><span class=\"overlay\"><\/span><img loading=\"lazy\" decoding=\"async\" width=\"150\" height=\"150\" src=\"https:\/\/muzeuciclism.ro\/wp-content\/uploads\/DSCN1468-150x150.jpg\" class=\"attachment-thumbnail size-thumbnail\" alt=\"\" \/><\/a><\/li><li><a data-fancybox=\"gallery555\" href=\"https:\/\/muzeuciclism.ro\/wp-content\/uploads\/DSCN1464.jpg\" class=\"eig-popup\" title=\"Nicolae O\u021beleanu - Ciclism, Ed. Sport - Turism, 1975\" data-caption=\"Nicolae O\u021beleanu - Ciclism, Ed. Sport - Turism, 1975\" target=\"_blank\"><i class=\"icon-view\"><\/i><span class=\"overlay\"><\/span><img loading=\"lazy\" decoding=\"async\" width=\"150\" height=\"150\" src=\"https:\/\/muzeuciclism.ro\/wp-content\/uploads\/DSCN1464-150x150.jpg\" class=\"attachment-thumbnail size-thumbnail\" alt=\"\" \/><\/a><\/li><li><a data-fancybox=\"gallery555\" href=\"https:\/\/muzeuciclism.ro\/wp-content\/uploads\/DSCN1238.jpg\" class=\"eig-popup\" title=\"Un haiduc pe biciclet\u0103, Dan De\u0219liu, 1978\" data-caption=\"Un haiduc pe biciclet\u0103, Dan De\u0219liu, 1978\" target=\"_blank\"><i class=\"icon-view\"><\/i><span class=\"overlay\"><\/span><img loading=\"lazy\" decoding=\"async\" width=\"150\" height=\"150\" src=\"https:\/\/muzeuciclism.ro\/wp-content\/uploads\/DSCN1238-150x150.jpg\" class=\"attachment-thumbnail size-thumbnail\" alt=\"\" \/><\/a><\/li><li><a data-fancybox=\"gallery555\" href=\"https:\/\/muzeuciclism.ro\/wp-content\/uploads\/DSCN1259.jpg\" class=\"eig-popup\" title=\"Cicloturism, T\u0103nase Ignat, 1974\" data-caption=\"Cicloturism, T\u0103nase Ignat, 1974\" target=\"_blank\"><i class=\"icon-view\"><\/i><span class=\"overlay\"><\/span><img loading=\"lazy\" decoding=\"async\" width=\"150\" height=\"150\" src=\"https:\/\/muzeuciclism.ro\/wp-content\/uploads\/DSCN1259-150x150.jpg\" class=\"attachment-thumbnail size-thumbnail\" alt=\"\" \/><\/a><\/li><li><a data-fancybox=\"gallery555\" href=\"https:\/\/muzeuciclism.ro\/wp-content\/uploads\/DSCN0964.jpg\" class=\"eig-popup\" title=\"Bro\u0219ur\u0103 educativ\u0103 \u201dCircula\u021bi corect cu bicicleta\u201d, Direc\u021bia Circula\u021bie - Inspectoratul General al Mili\u021biei, anii 1980\" data-caption=\"Bro\u0219ur\u0103 educativ\u0103 \u201dCircula\u021bi corect cu bicicleta\u201d, Direc\u021bia Circula\u021bie - Inspectoratul General al Mili\u021biei, anii 1980\" target=\"_blank\"><i class=\"icon-view\"><\/i><span class=\"overlay\"><\/span><img loading=\"lazy\" decoding=\"async\" width=\"150\" height=\"150\" src=\"https:\/\/muzeuciclism.ro\/wp-content\/uploads\/DSCN0964-150x150.jpg\" class=\"attachment-thumbnail size-thumbnail\" alt=\"\" \/><\/a><\/li><li><a data-fancybox=\"gallery555\" href=\"https:\/\/muzeuciclism.ro\/wp-content\/uploads\/DSCN1263.jpg\" class=\"eig-popup\" title=\"Bro\u0219ur\u0103 educativ\u0103 Copii pietoni \u0219i bicicli\u0219ti pe drumurile publice, Ministerul de Interne, anii 1980\" data-caption=\"Bro\u0219ur\u0103 educativ\u0103 Copii pietoni \u0219i bicicli\u0219ti pe drumurile publice, Ministerul de Interne, anii 1980\" target=\"_blank\"><i class=\"icon-view\"><\/i><span class=\"overlay\"><\/span><img loading=\"lazy\" decoding=\"async\" width=\"150\" height=\"150\" src=\"https:\/\/muzeuciclism.ro\/wp-content\/uploads\/DSCN1263-150x150.jpg\" class=\"attachment-thumbnail size-thumbnail\" alt=\"\" \/><\/a><\/li><li><a data-fancybox=\"gallery555\" href=\"https:\/\/muzeuciclism.ro\/wp-content\/uploads\/DSCN1257.jpg\" class=\"eig-popup\" title=\"Ciclism, Regulament F.R.C., 1987\" data-caption=\"Ciclism, Regulament F.R.C., 1987\" target=\"_blank\"><i class=\"icon-view\"><\/i><span class=\"overlay\"><\/span><img loading=\"lazy\" decoding=\"async\" width=\"150\" height=\"150\" src=\"https:\/\/muzeuciclism.ro\/wp-content\/uploads\/DSCN1257-150x150.jpg\" class=\"attachment-thumbnail size-thumbnail\" alt=\"\" \/><\/a><\/li><li><a data-fancybox=\"gallery555\" href=\"https:\/\/muzeuciclism.ro\/wp-content\/uploads\/DSCN1261.jpg\" class=\"eig-popup\" title=\"Cre\u0219terea performan\u021belor bicicletelor, V. Belous \u0219i R. Budei, 1987\" data-caption=\"Cre\u0219terea performan\u021belor bicicletelor, V. Belous \u0219i R. Budei, 1987\" target=\"_blank\"><i class=\"icon-view\"><\/i><span class=\"overlay\"><\/span><img loading=\"lazy\" decoding=\"async\" width=\"150\" height=\"150\" src=\"https:\/\/muzeuciclism.ro\/wp-content\/uploads\/DSCN1261-150x150.jpg\" class=\"attachment-thumbnail size-thumbnail\" alt=\"\" \/><\/a><\/li><li><a data-fancybox=\"gallery555\" href=\"https:\/\/muzeuciclism.ro\/wp-content\/uploads\/DSCN1269.jpg\" class=\"eig-popup\" title=\"Cicloturism, T\u0103nase Ignat, 1980\" data-caption=\"Cicloturism, T\u0103nase Ignat, 1980\" target=\"_blank\"><i class=\"icon-view\"><\/i><span class=\"overlay\"><\/span><img loading=\"lazy\" decoding=\"async\" width=\"150\" height=\"150\" src=\"https:\/\/muzeuciclism.ro\/wp-content\/uploads\/DSCN1269-150x150.jpg\" class=\"attachment-thumbnail size-thumbnail\" alt=\"\" \/><\/a><\/li><li><a data-fancybox=\"gallery555\" href=\"https:\/\/muzeuciclism.ro\/wp-content\/uploads\/DSCN1251.jpg\" class=\"eig-popup\" title=\"Infernul gloriei, Hristache Naum, 1991\" data-caption=\"Infernul gloriei, Hristache Naum, 1991\" target=\"_blank\"><i class=\"icon-view\"><\/i><span class=\"overlay\"><\/span><img loading=\"lazy\" decoding=\"async\" width=\"150\" height=\"150\" src=\"https:\/\/muzeuciclism.ro\/wp-content\/uploads\/DSCN1251-150x150.jpg\" class=\"attachment-thumbnail size-thumbnail\" alt=\"\" \/><\/a><\/li><li><a data-fancybox=\"gallery555\" href=\"https:\/\/muzeuciclism.ro\/wp-content\/uploads\/DSCN1619.jpg\" class=\"eig-popup\" title=\"Circula\u021bia rutier\u0103, manual pentru clasa a V-a, 1993\" data-caption=\"Circula\u021bia rutier\u0103, manual pentru clasa a V-a, 1993\" target=\"_blank\"><i class=\"icon-view\"><\/i><span class=\"overlay\"><\/span><img loading=\"lazy\" decoding=\"async\" width=\"150\" height=\"150\" src=\"https:\/\/muzeuciclism.ro\/wp-content\/uploads\/DSCN1619-150x150.jpg\" class=\"attachment-thumbnail size-thumbnail\" alt=\"\" \/><\/a><\/li><li><a data-fancybox=\"gallery555\" href=\"https:\/\/muzeuciclism.ro\/wp-content\/uploads\/DSCN1617.jpg\" class=\"eig-popup\" title=\"Circula\u021bia rutier\u0103, manual pentru clasa a VII-a, 1993\" data-caption=\"Circula\u021bia rutier\u0103, manual pentru clasa a VII-a, 1993\" target=\"_blank\"><i class=\"icon-view\"><\/i><span class=\"overlay\"><\/span><img loading=\"lazy\" decoding=\"async\" width=\"150\" height=\"150\" src=\"https:\/\/muzeuciclism.ro\/wp-content\/uploads\/DSCN1617-150x150.jpg\" class=\"attachment-thumbnail size-thumbnail\" alt=\"\" \/><\/a><\/li><li><a data-fancybox=\"gallery555\" href=\"https:\/\/muzeuciclism.ro\/wp-content\/uploads\/DSCN1554.jpg\" class=\"eig-popup\" title=\"Bogdan Matei, Europa \u00een 80 de zile, Aventuri pe dou\u0103 ro\u021bi prin Europa \u0219i lec\u021bii de via\u021b\u0103 din timpul c\u0103l\u0103toriei, Bucure\u0219ti, 2014\" data-caption=\"Bogdan Matei, Europa \u00een 80 de zile, Aventuri pe dou\u0103 ro\u021bi prin Europa \u0219i lec\u021bii de via\u021b\u0103 din timpul c\u0103l\u0103toriei, Bucure\u0219ti, 2014\" target=\"_blank\"><i class=\"icon-view\"><\/i><span class=\"overlay\"><\/span><img loading=\"lazy\" decoding=\"async\" width=\"150\" height=\"150\" src=\"https:\/\/muzeuciclism.ro\/wp-content\/uploads\/DSCN1554-150x150.jpg\" class=\"attachment-thumbnail size-thumbnail\" alt=\"\" \/><\/a><\/li><li><a data-fancybox=\"gallery555\" href=\"https:\/\/muzeuciclism.ro\/wp-content\/uploads\/DSCN1556.jpg\" class=\"eig-popup\" title=\"Sergiu Paraschivescu, De la zero la campion, Timi\u0219oara, 2014\" data-caption=\"Sergiu Paraschivescu, De la zero la campion, Timi\u0219oara, 2014\" target=\"_blank\"><i class=\"icon-view\"><\/i><span class=\"overlay\"><\/span><img loading=\"lazy\" decoding=\"async\" width=\"150\" height=\"150\" src=\"https:\/\/muzeuciclism.ro\/wp-content\/uploads\/DSCN1556-150x150.jpg\" class=\"attachment-thumbnail size-thumbnail\" alt=\"\" \/><\/a><\/li><li><a data-fancybox=\"gallery555\" href=\"https:\/\/muzeuciclism.ro\/wp-content\/uploads\/DSCN1557.jpg\" class=\"eig-popup\" title=\"Bogdan Matei, Munte, Vremuri, Dep\u0103rt\u0103ri, Bucure\u0219ti, 2015\" data-caption=\"Bogdan Matei, Munte, Vremuri, Dep\u0103rt\u0103ri, Bucure\u0219ti, 2015\" target=\"_blank\"><i class=\"icon-view\"><\/i><span class=\"overlay\"><\/span><img loading=\"lazy\" decoding=\"async\" width=\"150\" height=\"150\" src=\"https:\/\/muzeuciclism.ro\/wp-content\/uploads\/DSCN1557-150x150.jpg\" class=\"attachment-thumbnail size-thumbnail\" alt=\"\" \/><\/a><\/li><li><a data-fancybox=\"gallery555\" href=\"https:\/\/muzeuciclism.ro\/wp-content\/uploads\/DSCN1425.jpg\" class=\"eig-popup\" title=\"Cu bicicleta prin Pirinei, Alin Bon\u021ba, 2015\" data-caption=\"Cu bicicleta prin Pirinei, Alin Bon\u021ba, 2015\" target=\"_blank\"><i class=\"icon-view\"><\/i><span class=\"overlay\"><\/span><img loading=\"lazy\" decoding=\"async\" width=\"150\" height=\"150\" src=\"https:\/\/muzeuciclism.ro\/wp-content\/uploads\/DSCN1425-150x150.jpg\" class=\"attachment-thumbnail size-thumbnail\" alt=\"\" \/><\/a><\/li><\/ul>\n","protected":false},"excerpt":{"rendered":"","protected":false},"author":2,"featured_media":0,"parent":0,"menu_order":0,"comment_status":"open","ping_status":"closed","template":"","meta":{"footnotes":""},"class_list":["post-169","page","type-page","status-publish","czr-hentry"],"_links":{"self":[{"href":"https:\/\/muzeuciclism.ro\/index.php\/wp-json\/wp\/v2\/pages\/169","targetHints":{"allow":["GET"]}}],"collection":[{"href":"https:\/\/muzeuciclism.ro\/index.php\/wp-json\/wp\/v2\/pages"}],"about":[{"href":"https:\/\/muzeuciclism.ro\/index.php\/wp-json\/wp\/v2\/types\/page"}],"author":[{"embeddable":true,"href":"https:\/\/muzeuciclism.ro\/index.php\/wp-json\/wp\/v2\/users\/2"}],"replies":[{"embeddable":true,"href":"https:\/\/muzeuciclism.ro\/index.php\/wp-json\/wp\/v2\/comments?post=169"}],"version-history":[{"count":0,"href":"https:\/\/muzeuciclism.ro\/index.php\/wp-json\/wp\/v2\/pages\/169\/revisions"}],"wp:attachment":[{"href":"https:\/\/muzeuciclism.ro\/index.php\/wp-json\/wp\/v2\/media?parent=169"}],"curies":[{"name":"wp","href":"https:\/\/api.w.org\/{rel}","templated":true}]}}