{"id":166,"date":"2016-05-02T15:04:47","date_gmt":"2016-05-02T15:04:47","guid":{"rendered":"http:\/\/muzeuciclism.ro\/?page_id=166"},"modified":"2019-02-08T17:08:17","modified_gmt":"2019-02-08T17:08:17","slug":"acte-si-documente","status":"publish","type":"page","link":"https:\/\/muzeuciclism.ro\/index.php\/acte-si-documente\/","title":{"rendered":"Acte \u0219i documente"},"content":{"rendered":"\t                <ul class=\"easy-image-gallery thumbnails-34 linked\">\r\n                    <li><a data-fancybox=\"gallery260\" href=\"https:\/\/muzeuciclism.ro\/wp-content\/uploads\/DSCN1515.jpg\" class=\"eig-popup\" title=\"Factur\u0103 emis\u0103 de Victoria Industria cauciucului, prima fabric\u0103 din Rom\u00e2nia, Bucure\u0219ti - 1920 (1)\" data-caption=\"Factur\u0103 emis\u0103 de Victoria Industria cauciucului, prima fabric\u0103 din Rom\u00e2nia, Bucure\u0219ti - 1920 (1)\" target=\"_blank\"><i class=\"icon-view\"><\/i><span class=\"overlay\"><\/span><img loading=\"lazy\" decoding=\"async\" width=\"150\" height=\"150\" src=\"https:\/\/muzeuciclism.ro\/wp-content\/uploads\/DSCN1515-150x150.jpg\" class=\"attachment-thumbnail size-thumbnail\" alt=\"\" \/><\/a><\/li><li><a data-fancybox=\"gallery260\" href=\"https:\/\/muzeuciclism.ro\/wp-content\/uploads\/DSCN1516.jpg\" class=\"eig-popup\" title=\"Factur\u0103 emis\u0103 de Victoria Industria cauciucului, prima fabric\u0103 din Rom\u00e2nia, Bucure\u0219ti - 1920 (2)\" data-caption=\"Factur\u0103 emis\u0103 de Victoria Industria cauciucului, prima fabric\u0103 din Rom\u00e2nia, Bucure\u0219ti - 1920 (2)\" target=\"_blank\"><i class=\"icon-view\"><\/i><span class=\"overlay\"><\/span><img loading=\"lazy\" decoding=\"async\" width=\"150\" height=\"150\" src=\"https:\/\/muzeuciclism.ro\/wp-content\/uploads\/DSCN1516-150x150.jpg\" class=\"attachment-thumbnail size-thumbnail\" alt=\"\" \/><\/a><\/li><li><a data-fancybox=\"gallery260\" href=\"https:\/\/muzeuciclism.ro\/wp-content\/uploads\/DSCN0646.jpg\" class=\"eig-popup\" title=\"Foaie de circula\u021bie pentru biciclet\u0103, 1940 - fa\u021ba 1\" data-caption=\"Foaie de circula\u021bie pentru biciclet\u0103, 1940 - fa\u021ba 1\" target=\"_blank\"><i class=\"icon-view\"><\/i><span class=\"overlay\"><\/span><img loading=\"lazy\" decoding=\"async\" width=\"150\" height=\"150\" src=\"https:\/\/muzeuciclism.ro\/wp-content\/uploads\/DSCN0646-150x150.jpg\" class=\"attachment-thumbnail size-thumbnail\" alt=\"\" \/><\/a><\/li><li><a data-fancybox=\"gallery260\" href=\"https:\/\/muzeuciclism.ro\/wp-content\/uploads\/DSCN0643.jpg\" class=\"eig-popup\" title=\"Foaie de circula\u021bie pentru biciclet\u0103, 1940 - fa\u021ba 2\" data-caption=\"Foaie de circula\u021bie pentru biciclet\u0103, 1940 - fa\u021ba 2\" target=\"_blank\"><i class=\"icon-view\"><\/i><span class=\"overlay\"><\/span><img loading=\"lazy\" decoding=\"async\" width=\"150\" height=\"150\" src=\"https:\/\/muzeuciclism.ro\/wp-content\/uploads\/DSCN0643-150x150.jpg\" class=\"attachment-thumbnail size-thumbnail\" alt=\"\" \/><\/a><\/li><li><a data-fancybox=\"gallery260\" href=\"https:\/\/muzeuciclism.ro\/wp-content\/uploads\/DSCN1277.jpg\" class=\"eig-popup\" title=\"Factur\u0103 emis\u0103 de celebrul magazin de biciclete Karl Kugler din Bra\u0219ov la vanzarea unei anvelope de biciclet\u0103, 1946 (1)\" data-caption=\"Factur\u0103 emis\u0103 de celebrul magazin de biciclete Karl Kugler din Bra\u0219ov la vanzarea unei anvelope de biciclet\u0103, 1946 (1)\" target=\"_blank\"><i class=\"icon-view\"><\/i><span class=\"overlay\"><\/span><img loading=\"lazy\" decoding=\"async\" width=\"150\" height=\"150\" src=\"https:\/\/muzeuciclism.ro\/wp-content\/uploads\/DSCN1277-150x150.jpg\" class=\"attachment-thumbnail size-thumbnail\" alt=\"\" \/><\/a><\/li><li><a data-fancybox=\"gallery260\" href=\"https:\/\/muzeuciclism.ro\/wp-content\/uploads\/DSCN1278.jpg\" class=\"eig-popup\" title=\"Factur\u0103 emis\u0103 de celebrul magazin de biciclete Karl Kugler din Bra\u0219ov la vanzarea unei anvelope de biciclet\u0103, 1946 (2)\" data-caption=\"Factur\u0103 emis\u0103 de celebrul magazin de biciclete Karl Kugler din Bra\u0219ov la vanzarea unei anvelope de biciclet\u0103, 1946 (2)\" target=\"_blank\"><i class=\"icon-view\"><\/i><span class=\"overlay\"><\/span><img loading=\"lazy\" decoding=\"async\" width=\"150\" height=\"150\" src=\"https:\/\/muzeuciclism.ro\/wp-content\/uploads\/DSCN1278-150x150.jpg\" class=\"attachment-thumbnail size-thumbnail\" alt=\"\" \/><\/a><\/li><li><a data-fancybox=\"gallery260\" href=\"https:\/\/muzeuciclism.ro\/wp-content\/uploads\/DSCN0648.jpg\" class=\"eig-popup\" title=\"Permis de circula\u021bie pentru biciclete \u0219i triciclete, 1948 - fa\u021ba 1\" data-caption=\"Permis de circula\u021bie pentru biciclete \u0219i triciclete, 1948 - fa\u021ba 1\" target=\"_blank\"><i class=\"icon-view\"><\/i><span class=\"overlay\"><\/span><img loading=\"lazy\" decoding=\"async\" width=\"150\" height=\"150\" src=\"https:\/\/muzeuciclism.ro\/wp-content\/uploads\/DSCN0648-150x150.jpg\" class=\"attachment-thumbnail size-thumbnail\" alt=\"\" \/><\/a><\/li><li><a data-fancybox=\"gallery260\" href=\"https:\/\/muzeuciclism.ro\/wp-content\/uploads\/DSCN0647.jpg\" class=\"eig-popup\" title=\"Permis de circula\u021bie pentru biciclete \u0219i triciclete, 1948 - fa\u021ba 2\" data-caption=\"Permis de circula\u021bie pentru biciclete \u0219i triciclete, 1948 - fa\u021ba 2\" target=\"_blank\"><i class=\"icon-view\"><\/i><span class=\"overlay\"><\/span><img loading=\"lazy\" decoding=\"async\" width=\"150\" height=\"150\" src=\"https:\/\/muzeuciclism.ro\/wp-content\/uploads\/DSCN0647-150x150.jpg\" class=\"attachment-thumbnail size-thumbnail\" alt=\"\" \/><\/a><\/li><li><a data-fancybox=\"gallery260\" href=\"https:\/\/muzeuciclism.ro\/wp-content\/uploads\/DSCN0614.jpg\" class=\"eig-popup\" title=\"Foaie de circula\u021bei eliberat\u0103 pentru o biciclet\u0103 marca Peugeot, 1949\" data-caption=\"Foaie de circula\u021bei eliberat\u0103 pentru o biciclet\u0103 marca Peugeot, 1949\" target=\"_blank\"><i class=\"icon-view\"><\/i><span class=\"overlay\"><\/span><img loading=\"lazy\" decoding=\"async\" width=\"150\" height=\"150\" src=\"https:\/\/muzeuciclism.ro\/wp-content\/uploads\/DSCN0614-150x150.jpg\" class=\"attachment-thumbnail size-thumbnail\" alt=\"\" \/><\/a><\/li><li><a data-fancybox=\"gallery260\" href=\"https:\/\/muzeuciclism.ro\/wp-content\/uploads\/DSCN1452.jpg\" class=\"eig-popup\" title=\"Permis de circula\u021bie provizoriu, 1951 (1)\" data-caption=\"Permis de circula\u021bie provizoriu, 1951 (1)\" target=\"_blank\"><i class=\"icon-view\"><\/i><span class=\"overlay\"><\/span><img loading=\"lazy\" decoding=\"async\" width=\"150\" height=\"150\" src=\"https:\/\/muzeuciclism.ro\/wp-content\/uploads\/DSCN1452-150x150.jpg\" class=\"attachment-thumbnail size-thumbnail\" alt=\"\" \/><\/a><\/li><li><a data-fancybox=\"gallery260\" href=\"https:\/\/muzeuciclism.ro\/wp-content\/uploads\/DSCN1453.jpg\" class=\"eig-popup\" title=\"Permis de circula\u021bie provizoriu, 1951 (2)\" data-caption=\"Permis de circula\u021bie provizoriu, 1951 (2)\" target=\"_blank\"><i class=\"icon-view\"><\/i><span class=\"overlay\"><\/span><img loading=\"lazy\" decoding=\"async\" width=\"150\" height=\"150\" src=\"https:\/\/muzeuciclism.ro\/wp-content\/uploads\/DSCN1453-150x150.jpg\" class=\"attachment-thumbnail size-thumbnail\" alt=\"\" \/><\/a><\/li><li><a data-fancybox=\"gallery260\" href=\"https:\/\/muzeuciclism.ro\/wp-content\/uploads\/DSCN1447.jpg\" class=\"eig-popup\" title=\"Act de circula\u021bie pentru biciclete, 1955 (1)\" data-caption=\"Act de circula\u021bie pentru biciclete, 1955 (1)\" target=\"_blank\"><i class=\"icon-view\"><\/i><span class=\"overlay\"><\/span><img loading=\"lazy\" decoding=\"async\" width=\"150\" height=\"150\" src=\"https:\/\/muzeuciclism.ro\/wp-content\/uploads\/DSCN1447-150x150.jpg\" class=\"attachment-thumbnail size-thumbnail\" alt=\"\" \/><\/a><\/li><li><a data-fancybox=\"gallery260\" href=\"https:\/\/muzeuciclism.ro\/wp-content\/uploads\/DSCN1446.jpg\" class=\"eig-popup\" title=\"Act de circula\u021bie pentru biciclete, 1955 (2)\" data-caption=\"Act de circula\u021bie pentru biciclete, 1955 (2)\" target=\"_blank\"><i class=\"icon-view\"><\/i><span class=\"overlay\"><\/span><img loading=\"lazy\" decoding=\"async\" width=\"150\" height=\"150\" src=\"https:\/\/muzeuciclism.ro\/wp-content\/uploads\/DSCN1446-150x150.jpg\" class=\"attachment-thumbnail size-thumbnail\" alt=\"\" \/><\/a><\/li><li><a data-fancybox=\"gallery260\" href=\"https:\/\/muzeuciclism.ro\/wp-content\/uploads\/DSCN0732.jpg\" class=\"eig-popup\" title=\"Permis fiscal pentru biciclete, 1957 - fa\u021ba 1\" data-caption=\"Permis fiscal pentru biciclete, 1957 - fa\u021ba 1\" target=\"_blank\"><i class=\"icon-view\"><\/i><span class=\"overlay\"><\/span><img loading=\"lazy\" decoding=\"async\" width=\"150\" height=\"150\" src=\"https:\/\/muzeuciclism.ro\/wp-content\/uploads\/DSCN0732-150x150.jpg\" class=\"attachment-thumbnail size-thumbnail\" alt=\"\" \/><\/a><\/li><li><a data-fancybox=\"gallery260\" href=\"https:\/\/muzeuciclism.ro\/wp-content\/uploads\/DSCN0733.jpg\" class=\"eig-popup\" title=\"Permis fiscal pentru biciclete, 1957 - fa\u021ba 2\" data-caption=\"Permis fiscal pentru biciclete, 1957 - fa\u021ba 2\" target=\"_blank\"><i class=\"icon-view\"><\/i><span class=\"overlay\"><\/span><img loading=\"lazy\" decoding=\"async\" width=\"150\" height=\"150\" src=\"https:\/\/muzeuciclism.ro\/wp-content\/uploads\/DSCN0733-150x150.jpg\" class=\"attachment-thumbnail size-thumbnail\" alt=\"\" \/><\/a><\/li><li><a data-fancybox=\"gallery260\" href=\"https:\/\/muzeuciclism.ro\/wp-content\/uploads\/DSCN0749.jpg\" class=\"eig-popup\" title=\"Autoriza\u021bie de circula\u021bie pentru biciclete, 1958 - fa\u021ba 1\" data-caption=\"Autoriza\u021bie de circula\u021bie pentru biciclete, 1958 - fa\u021ba 1\" target=\"_blank\"><i class=\"icon-view\"><\/i><span class=\"overlay\"><\/span><img loading=\"lazy\" decoding=\"async\" width=\"150\" height=\"150\" src=\"https:\/\/muzeuciclism.ro\/wp-content\/uploads\/DSCN0749-150x150.jpg\" class=\"attachment-thumbnail size-thumbnail\" alt=\"\" \/><\/a><\/li><li><a data-fancybox=\"gallery260\" href=\"https:\/\/muzeuciclism.ro\/wp-content\/uploads\/DSCN0750.jpg\" class=\"eig-popup\" title=\"Autoriza\u021bie de circula\u021bie pentru biciclete, 1958 - fa\u021ba 2\" data-caption=\"Autoriza\u021bie de circula\u021bie pentru biciclete, 1958 - fa\u021ba 2\" target=\"_blank\"><i class=\"icon-view\"><\/i><span class=\"overlay\"><\/span><img loading=\"lazy\" decoding=\"async\" width=\"150\" height=\"150\" src=\"https:\/\/muzeuciclism.ro\/wp-content\/uploads\/DSCN0750-150x150.jpg\" class=\"attachment-thumbnail size-thumbnail\" alt=\"\" \/><\/a><\/li><li><a data-fancybox=\"gallery260\" href=\"https:\/\/muzeuciclism.ro\/wp-content\/uploads\/DSCN0768.jpg\" class=\"eig-popup\" title=\"Act de circula\u021bie pentru biciclete, biciclete cu motor \u0219i triciclete, 1958 - fa\u021ba 1\" data-caption=\"Act de circula\u021bie pentru biciclete, biciclete cu motor \u0219i triciclete, 1958 - fa\u021ba 1\" target=\"_blank\"><i class=\"icon-view\"><\/i><span class=\"overlay\"><\/span><img loading=\"lazy\" decoding=\"async\" width=\"150\" height=\"150\" src=\"https:\/\/muzeuciclism.ro\/wp-content\/uploads\/DSCN0768-150x150.jpg\" class=\"attachment-thumbnail size-thumbnail\" alt=\"\" \/><\/a><\/li><li><a data-fancybox=\"gallery260\" href=\"https:\/\/muzeuciclism.ro\/wp-content\/uploads\/DSCN0769.jpg\" class=\"eig-popup\" title=\"Act de circula\u021bie pentru biciclete, biciclete cu motor \u0219i triciclete, 1958 - fa\u021ba 2\" data-caption=\"Act de circula\u021bie pentru biciclete, biciclete cu motor \u0219i triciclete, 1958 - fa\u021ba 2\" target=\"_blank\"><i class=\"icon-view\"><\/i><span class=\"overlay\"><\/span><img loading=\"lazy\" decoding=\"async\" width=\"150\" height=\"150\" src=\"https:\/\/muzeuciclism.ro\/wp-content\/uploads\/DSCN0769-150x150.jpg\" class=\"attachment-thumbnail size-thumbnail\" alt=\"\" \/><\/a><\/li><li><a data-fancybox=\"gallery260\" href=\"https:\/\/muzeuciclism.ro\/wp-content\/uploads\/DSCN1448.jpg\" class=\"eig-popup\" title=\"Permis fiscal biciclet\u0103, viz\u0103 1957-1958-1959 (fa\u021b\u0103)\" data-caption=\"Permis fiscal biciclet\u0103, viz\u0103 1957-1958-1959 (fa\u021b\u0103)\" target=\"_blank\"><i class=\"icon-view\"><\/i><span class=\"overlay\"><\/span><img loading=\"lazy\" decoding=\"async\" width=\"150\" height=\"150\" src=\"https:\/\/muzeuciclism.ro\/wp-content\/uploads\/DSCN1448-150x150.jpg\" class=\"attachment-thumbnail size-thumbnail\" alt=\"\" \/><\/a><\/li><li><a data-fancybox=\"gallery260\" href=\"https:\/\/muzeuciclism.ro\/wp-content\/uploads\/DSCN1449.jpg\" class=\"eig-popup\" title=\"Permis fiscal biciclet\u0103, viz\u0103 1957-1958-1959 (verso)\" data-caption=\"Permis fiscal biciclet\u0103, viz\u0103 1957-1958-1959 (verso)\" target=\"_blank\"><i class=\"icon-view\"><\/i><span class=\"overlay\"><\/span><img loading=\"lazy\" decoding=\"async\" width=\"150\" height=\"150\" src=\"https:\/\/muzeuciclism.ro\/wp-content\/uploads\/DSCN1449-150x150.jpg\" class=\"attachment-thumbnail size-thumbnail\" alt=\"\" \/><\/a><\/li><li><a data-fancybox=\"gallery260\" href=\"https:\/\/muzeuciclism.ro\/wp-content\/uploads\/DSCN1450.jpg\" class=\"eig-popup\" title=\"Permis fiscal biciclet\u0103, viz\u0103 1957-1958-1959 (fa\u021b\u0103)\" data-caption=\"Permis fiscal biciclet\u0103, viz\u0103 1957-1958-1959 (fa\u021b\u0103)\" target=\"_blank\"><i class=\"icon-view\"><\/i><span class=\"overlay\"><\/span><img loading=\"lazy\" decoding=\"async\" width=\"150\" height=\"150\" src=\"https:\/\/muzeuciclism.ro\/wp-content\/uploads\/DSCN1450-150x150.jpg\" class=\"attachment-thumbnail size-thumbnail\" alt=\"\" \/><\/a><\/li><li><a data-fancybox=\"gallery260\" href=\"https:\/\/muzeuciclism.ro\/wp-content\/uploads\/DSCN1451.jpg\" class=\"eig-popup\" title=\"Permis fiscal biciclet\u0103, viz\u0103 1957-1958-1959 (verso)\" data-caption=\"Permis fiscal biciclet\u0103, viz\u0103 1957-1958-1959 (verso)\" target=\"_blank\"><i class=\"icon-view\"><\/i><span class=\"overlay\"><\/span><img loading=\"lazy\" decoding=\"async\" width=\"150\" height=\"150\" src=\"https:\/\/muzeuciclism.ro\/wp-content\/uploads\/DSCN1451-150x150.jpg\" class=\"attachment-thumbnail size-thumbnail\" alt=\"\" \/><\/a><\/li><li><a data-fancybox=\"gallery260\" href=\"https:\/\/muzeuciclism.ro\/wp-content\/uploads\/DSCN0751.jpg\" class=\"eig-popup\" title=\"Permis fiscal pentru biciclete, 1957-1958-1959, fa\u021ba 1\" data-caption=\"Permis fiscal pentru biciclete, 1957-1958-1959, fa\u021ba 1\" target=\"_blank\"><i class=\"icon-view\"><\/i><span class=\"overlay\"><\/span><img loading=\"lazy\" decoding=\"async\" width=\"150\" height=\"150\" src=\"https:\/\/muzeuciclism.ro\/wp-content\/uploads\/DSCN0751-150x150.jpg\" class=\"attachment-thumbnail size-thumbnail\" alt=\"\" \/><\/a><\/li><li><a data-fancybox=\"gallery260\" href=\"https:\/\/muzeuciclism.ro\/wp-content\/uploads\/DSCN0752.jpg\" class=\"eig-popup\" title=\"Permis fiscal pentru biciclete, 1957-1958-1959, fa\u021ba 2\" data-caption=\"Permis fiscal pentru biciclete, 1957-1958-1959, fa\u021ba 2\" target=\"_blank\"><i class=\"icon-view\"><\/i><span class=\"overlay\"><\/span><img loading=\"lazy\" decoding=\"async\" width=\"150\" height=\"150\" src=\"https:\/\/muzeuciclism.ro\/wp-content\/uploads\/DSCN0752-150x150.jpg\" class=\"attachment-thumbnail size-thumbnail\" alt=\"\" \/><\/a><\/li><li><a data-fancybox=\"gallery260\" href=\"https:\/\/muzeuciclism.ro\/wp-content\/uploads\/DSCN1319.jpg\" class=\"eig-popup\" title=\"Act de circula\u021bie biciclet\u0103, 1959 (1)\" data-caption=\"Act de circula\u021bie biciclet\u0103, 1959 (1)\" target=\"_blank\"><i class=\"icon-view\"><\/i><span class=\"overlay\"><\/span><img loading=\"lazy\" decoding=\"async\" width=\"150\" height=\"150\" src=\"https:\/\/muzeuciclism.ro\/wp-content\/uploads\/DSCN1319-150x150.jpg\" class=\"attachment-thumbnail size-thumbnail\" alt=\"\" \/><\/a><\/li><li><a data-fancybox=\"gallery260\" href=\"https:\/\/muzeuciclism.ro\/wp-content\/uploads\/DSCN1320.jpg\" class=\"eig-popup\" title=\"Act de circula\u021bie biciclet\u0103, 1959 (2)\" data-caption=\"Act de circula\u021bie biciclet\u0103, 1959 (2)\" target=\"_blank\"><i class=\"icon-view\"><\/i><span class=\"overlay\"><\/span><img loading=\"lazy\" decoding=\"async\" width=\"150\" height=\"150\" src=\"https:\/\/muzeuciclism.ro\/wp-content\/uploads\/DSCN1320-150x150.jpg\" class=\"attachment-thumbnail size-thumbnail\" alt=\"\" \/><\/a><\/li><li><a data-fancybox=\"gallery260\" href=\"https:\/\/muzeuciclism.ro\/wp-content\/uploads\/DSCN1321.jpg\" class=\"eig-popup\" title=\"Permis fiscal biciclet\u0103 Simson (dam\u0103), 1957 - 1958 - 1959 (1)\" data-caption=\"Permis fiscal biciclet\u0103 Simson (dam\u0103), 1957 - 1958 - 1959 (1)\" target=\"_blank\"><i class=\"icon-view\"><\/i><span class=\"overlay\"><\/span><img loading=\"lazy\" decoding=\"async\" width=\"150\" height=\"150\" src=\"https:\/\/muzeuciclism.ro\/wp-content\/uploads\/DSCN1321-150x150.jpg\" class=\"attachment-thumbnail size-thumbnail\" alt=\"\" \/><\/a><\/li><li><a data-fancybox=\"gallery260\" href=\"https:\/\/muzeuciclism.ro\/wp-content\/uploads\/DSCN1322.jpg\" class=\"eig-popup\" title=\"Permis fiscal biciclet\u0103 Simson (dam\u0103), 1957 - 1958 - 1959 (2)\" data-caption=\"Permis fiscal biciclet\u0103 Simson (dam\u0103), 1957 - 1958 - 1959 (2)\" target=\"_blank\"><i class=\"icon-view\"><\/i><span class=\"overlay\"><\/span><img loading=\"lazy\" decoding=\"async\" width=\"150\" height=\"150\" src=\"https:\/\/muzeuciclism.ro\/wp-content\/uploads\/DSCN1322-150x150.jpg\" class=\"attachment-thumbnail size-thumbnail\" alt=\"\" \/><\/a><\/li><li><a data-fancybox=\"gallery260\" href=\"https:\/\/muzeuciclism.ro\/wp-content\/uploads\/DSCN1323.jpg\" class=\"eig-popup\" title=\"Permis fiscal biciclet\u0103 Simson (b\u0103rbat), 1957 - 1958 - 1959 (1)\" data-caption=\"Permis fiscal biciclet\u0103 Simson (b\u0103rbat), 1957 - 1958 - 1959 (1)\" target=\"_blank\"><i class=\"icon-view\"><\/i><span class=\"overlay\"><\/span><img loading=\"lazy\" decoding=\"async\" width=\"150\" height=\"150\" src=\"https:\/\/muzeuciclism.ro\/wp-content\/uploads\/DSCN1323-150x150.jpg\" class=\"attachment-thumbnail size-thumbnail\" alt=\"\" \/><\/a><\/li><li><a data-fancybox=\"gallery260\" href=\"https:\/\/muzeuciclism.ro\/wp-content\/uploads\/DSCN1324.jpg\" class=\"eig-popup\" title=\"Permis fiscal biciclet\u0103 Simson (b\u0103rbat), 1957 - 1958 - 1959 (2)\" data-caption=\"Permis fiscal biciclet\u0103 Simson (b\u0103rbat), 1957 - 1958 - 1959 (2)\" target=\"_blank\"><i class=\"icon-view\"><\/i><span class=\"overlay\"><\/span><img loading=\"lazy\" decoding=\"async\" width=\"150\" height=\"150\" src=\"https:\/\/muzeuciclism.ro\/wp-content\/uploads\/DSCN1324-150x150.jpg\" class=\"attachment-thumbnail size-thumbnail\" alt=\"\" \/><\/a><\/li><li><a data-fancybox=\"gallery260\" href=\"https:\/\/muzeuciclism.ro\/wp-content\/uploads\/DSCN1586.jpg\" class=\"eig-popup\" title=\"Contract de v\u00e2nzare-cump\u0103rare biciclet\u0103 S.T.T.R.I.A., 1953 (fa\u021b\u0103)\" data-caption=\"Contract de v\u00e2nzare-cump\u0103rare biciclet\u0103 S.T.T.R.I.A., 1953 (fa\u021b\u0103)\" target=\"_blank\"><i class=\"icon-view\"><\/i><span class=\"overlay\"><\/span><img loading=\"lazy\" decoding=\"async\" width=\"150\" height=\"150\" src=\"https:\/\/muzeuciclism.ro\/wp-content\/uploads\/DSCN1586-150x150.jpg\" class=\"attachment-thumbnail size-thumbnail\" alt=\"\" \/><\/a><\/li><li><a data-fancybox=\"gallery260\" href=\"https:\/\/muzeuciclism.ro\/wp-content\/uploads\/DSCN1587.jpg\" class=\"eig-popup\" title=\"Contract de v\u00e2nzare-cump\u0103rare biciclet\u0103 S.T.T.R.I.A., 1953 (verso)\" data-caption=\"Contract de v\u00e2nzare-cump\u0103rare biciclet\u0103 S.T.T.R.I.A., 1953 (verso)\" target=\"_blank\"><i class=\"icon-view\"><\/i><span class=\"overlay\"><\/span><img loading=\"lazy\" decoding=\"async\" width=\"150\" height=\"150\" src=\"https:\/\/muzeuciclism.ro\/wp-content\/uploads\/DSCN1587-150x150.jpg\" class=\"attachment-thumbnail size-thumbnail\" alt=\"\" \/><\/a><\/li><li><a data-fancybox=\"gallery260\" href=\"https:\/\/muzeuciclism.ro\/wp-content\/uploads\/DSCN1549.jpg\" class=\"eig-popup\" title=\"Contract de m\u00e2n\u0103 de v\u00e2nzare-cump\u0103rare Pegas Torpedo 2128, anul 1988\" data-caption=\"Contract de m\u00e2n\u0103 de v\u00e2nzare-cump\u0103rare Pegas Torpedo 2128, anul 1988\" target=\"_blank\"><i class=\"icon-view\"><\/i><span class=\"overlay\"><\/span><img loading=\"lazy\" decoding=\"async\" width=\"150\" height=\"150\" src=\"https:\/\/muzeuciclism.ro\/wp-content\/uploads\/DSCN1549-150x150.jpg\" class=\"attachment-thumbnail size-thumbnail\" alt=\"\" \/><\/a><\/li><\/ul>\n","protected":false},"excerpt":{"rendered":"","protected":false},"author":2,"featured_media":0,"parent":0,"menu_order":0,"comment_status":"open","ping_status":"closed","template":"","meta":{"footnotes":""},"class_list":["post-166","page","type-page","status-publish","czr-hentry"],"_links":{"self":[{"href":"https:\/\/muzeuciclism.ro\/index.php\/wp-json\/wp\/v2\/pages\/166","targetHints":{"allow":["GET"]}}],"collection":[{"href":"https:\/\/muzeuciclism.ro\/index.php\/wp-json\/wp\/v2\/pages"}],"about":[{"href":"https:\/\/muzeuciclism.ro\/index.php\/wp-json\/wp\/v2\/types\/page"}],"author":[{"embeddable":true,"href":"https:\/\/muzeuciclism.ro\/index.php\/wp-json\/wp\/v2\/users\/2"}],"replies":[{"embeddable":true,"href":"https:\/\/muzeuciclism.ro\/index.php\/wp-json\/wp\/v2\/comments?post=166"}],"version-history":[{"count":0,"href":"https:\/\/muzeuciclism.ro\/index.php\/wp-json\/wp\/v2\/pages\/166\/revisions"}],"wp:attachment":[{"href":"https:\/\/muzeuciclism.ro\/index.php\/wp-json\/wp\/v2\/media?parent=166"}],"curies":[{"name":"wp","href":"https:\/\/api.w.org\/{rel}","templated":true}]}}