{"id":1119,"date":"2017-05-31T17:41:08","date_gmt":"2017-05-31T17:41:08","guid":{"rendered":"http:\/\/muzeuciclism.ro\/?page_id=1119"},"modified":"2021-03-01T08:45:15","modified_gmt":"2021-03-01T08:45:15","slug":"teodor-puterity","status":"publish","type":"page","link":"https:\/\/muzeuciclism.ro\/index.php\/ciclism-romanesc\/galeria-ciclistilor-romani\/teodor-puterity\/","title":{"rendered":"Teodor Puterity"},"content":{"rendered":"<p><strong>Teodor Puterity &#8211; Maestru al Sportului<br \/>\n&#8211; de\u021bin\u0103torul din anul 1970 a Recordului orei pe velodrom \u00een Rom\u00e2nia (43,302 km)<\/strong><br \/>\nN\u0103scut la 28 februarie 1947, Arad<br \/>\n&#8211; 1966, Turul Rom\u00e2niei, participant<br \/>\n&#8211; 1966, Cursa DWM (Polonia, ocolul lacurilor Mazuriene), locul 1 CTE \u0219i locul 1 la general<br \/>\n&#8211; 1968, Turul Rom\u00e2niei, c\u00e2\u0219tig\u0103tor ultima etap\u0103, locul 12 la general, locul 2 pe echipe<br \/>\n&#8211; 1968, Cupa F.R.C., locul 2 CTI<br \/>\n&#8211; 1968, Cupa UCECOM, locul 2 CTI, locul 2 la general<br \/>\n&#8211; 1968, Campionatele Na\u021bionale de ciclocros, locul 2<br \/>\n&#8211; 1969, Turul Rom\u00e2niei, c\u00e2\u0219tig\u0103tor ultima etap\u0103, locul 1 CTI Arad<br \/>\n&#8211; 1969, Tour de L\u2019Avenir, participant<br \/>\n&#8211; 1969, Cursa P\u0103cii, participant<br \/>\n&#8211; 1969, Campionatele Mondiale de ciclism, Brno, participant<br \/>\n&#8211; 1969, Turul Belgiei, participant<br \/>\n&#8211; 1969, Campionat Na\u021bional de contra-timp individual, locul 1<br \/>\n&#8211; 1969, Cursa P\u0103cii, locul 54<br \/>\n&#8211; 1969, Circuit Pleven \u2013 Bulgaria, participant<br \/>\n&#8211; 1970, Campion municipal 4000 m, urm\u0103rire individual<br \/>\n&#8211; 1970, Campionatul Na\u021bional de velodrom, locul 1 urm\u0103rire individual<br \/>\n&#8211; 1970, Cursa Mun\u021bilor, participant<br \/>\n&#8211; 1970, Turul Turciei, locul 3 individual, locul 2 CTI<br \/>\n&#8211; 1970, Cupa Olimpia, locul 1<br \/>\n&#8211; 1970, Campionatele na\u021bionale pe pist\u0103, locul 2 urm\u0103rire pe echipe<br \/>\n&#8211; 1970, Campionat Na\u021bional de contra-timp individual, Bra\u0219ov, locul 4<br \/>\n&#8211; 1970, Recordul orei pe velodrom (43,302 km) \u0219i alte patru recorduri na\u021bionale: 10 km, 15 km, 20 km \u0219i 25 km<br \/>\n&#8211; 1971, Balcaniada de ciclism de la Sofia, locul 3 CTI, loc 5 cursa de fond<br \/>\n&#8211; 1971, Campionatul RSR, locul 3 fond<br \/>\n&#8211; 1971, Campionatele Na\u021bionale de ciclism, locul 1 CTI<br \/>\n&#8211; 1972, Campionatele Na\u021bionale de ciclism, locul 1 CTI<br \/>\n&#8211; 1972, Cupa Metalul, locul 1 pe echipe, locul 2 CTI \u0219i CTE<br \/>\n&#8211; 1972, Cupa Steaua, locul 2 echipe<br \/>\n&#8211; 1974, Campionatele Republicane, Timi\u0219oara, loc 3 CTI<br \/>\n&#8211; 1974, Campionatul Rom\u00e2niei, loc 3 semifond<br \/>\n&#8211; 1975, Cupa F.R.C., locul 1 CTI<\/p>\n<p>*CTI \u2013 contratimp individual<br \/>\n**CTE \u2013 contratimp echipe<\/p>\n\t                <ul class=\"easy-image-gallery thumbnails-20 linked\">\r\n                    <li><a data-fancybox=\"gallery474\" href=\"https:\/\/muzeuciclism.ro\/wp-content\/uploads\/DSCN1425-1.jpg\" class=\"eig-popup\" title=\"Ploie\u0219ti, 1966\" data-caption=\"Ploie\u0219ti, 1966\" target=\"_blank\"><i class=\"icon-view\"><\/i><span class=\"overlay\"><\/span><img loading=\"lazy\" decoding=\"async\" width=\"150\" height=\"150\" src=\"https:\/\/muzeuciclism.ro\/wp-content\/uploads\/DSCN1425-1-150x150.jpg\" class=\"attachment-thumbnail size-thumbnail\" alt=\"\" \/><\/a><\/li><li><a data-fancybox=\"gallery474\" href=\"https:\/\/muzeuciclism.ro\/wp-content\/uploads\/DSCN1394.jpg\" class=\"eig-popup\" title=\"Cupa F.R.C 1968, Bucure\u0219ti, al\u0103turi de W. Ziegler \u0219i Fr. Gera\" data-caption=\"Cupa F.R.C 1968, Bucure\u0219ti, al\u0103turi de W. Ziegler \u0219i Fr. Gera\" target=\"_blank\"><i class=\"icon-view\"><\/i><span class=\"overlay\"><\/span><img loading=\"lazy\" decoding=\"async\" width=\"150\" height=\"150\" src=\"https:\/\/muzeuciclism.ro\/wp-content\/uploads\/DSCN1394-150x150.jpg\" class=\"attachment-thumbnail size-thumbnail\" alt=\"\" \/><\/a><\/li><li><a data-fancybox=\"gallery474\" href=\"https:\/\/muzeuciclism.ro\/wp-content\/uploads\/DSCN0773.jpg\" class=\"eig-popup\" title=\"Cursa P\u0103cii 1969\" data-caption=\"Cursa P\u0103cii 1969\" target=\"_blank\"><i class=\"icon-view\"><\/i><span class=\"overlay\"><\/span><img loading=\"lazy\" decoding=\"async\" width=\"150\" height=\"150\" src=\"https:\/\/muzeuciclism.ro\/wp-content\/uploads\/DSCN0773-150x150.jpg\" class=\"attachment-thumbnail size-thumbnail\" alt=\"\" \/><\/a><\/li><li><a data-fancybox=\"gallery474\" href=\"https:\/\/muzeuciclism.ro\/wp-content\/uploads\/DSCN0896-1.jpg\" class=\"eig-popup\" title=\"Campionatele Na\u021bionale de ciclocros, Bucure\u0219ti, 1968\" data-caption=\"Campionatele Na\u021bionale de ciclocros, Bucure\u0219ti, 1968\" target=\"_blank\"><i class=\"icon-view\"><\/i><span class=\"overlay\"><\/span><img loading=\"lazy\" decoding=\"async\" width=\"150\" height=\"150\" src=\"https:\/\/muzeuciclism.ro\/wp-content\/uploads\/DSCN0896-1-150x150.jpg\" class=\"attachment-thumbnail size-thumbnail\" alt=\"\" \/><\/a><\/li><li><a data-fancybox=\"gallery474\" href=\"https:\/\/muzeuciclism.ro\/wp-content\/uploads\/DSCN1356.jpg\" class=\"eig-popup\" title=\"Turul Rom\u00e2niei 1969, victorie contratimp individual Arad\" data-caption=\"Turul Rom\u00e2niei 1969, victorie contratimp individual Arad\" target=\"_blank\"><i class=\"icon-view\"><\/i><span class=\"overlay\"><\/span><img loading=\"lazy\" decoding=\"async\" width=\"150\" height=\"150\" src=\"https:\/\/muzeuciclism.ro\/wp-content\/uploads\/DSCN1356-150x150.jpg\" class=\"attachment-thumbnail size-thumbnail\" alt=\"\" \/><\/a><\/li><li><a data-fancybox=\"gallery474\" href=\"https:\/\/muzeuciclism.ro\/wp-content\/uploads\/DSCN1372-1.jpg\" class=\"eig-popup\" title=\"Turul Rom\u00e2niei 1969, Teodor Puterity felicitat de mama sa dup\u0103 victoria la contratimpul individial de la Arad\" data-caption=\"Turul Rom\u00e2niei 1969, Teodor Puterity felicitat de mama sa dup\u0103 victoria la contratimpul individial de la Arad\" target=\"_blank\"><i class=\"icon-view\"><\/i><span class=\"overlay\"><\/span><img loading=\"lazy\" decoding=\"async\" width=\"150\" height=\"150\" src=\"https:\/\/muzeuciclism.ro\/wp-content\/uploads\/DSCN1372-1-150x150.jpg\" class=\"attachment-thumbnail size-thumbnail\" alt=\"\" \/><\/a><\/li><li><a data-fancybox=\"gallery474\" href=\"https:\/\/muzeuciclism.ro\/wp-content\/uploads\/DSCN0823.jpg\" class=\"eig-popup\" title=\"Turul Rom\u00e2niei 1969, cupa contratimp individual de la Arad\" data-caption=\"Turul Rom\u00e2niei 1969, cupa contratimp individual de la Arad\" target=\"_blank\"><i class=\"icon-view\"><\/i><span class=\"overlay\"><\/span><img loading=\"lazy\" decoding=\"async\" width=\"150\" height=\"150\" src=\"https:\/\/muzeuciclism.ro\/wp-content\/uploads\/DSCN0823-150x150.jpg\" class=\"attachment-thumbnail size-thumbnail\" alt=\"\" \/><\/a><\/li><li><a data-fancybox=\"gallery474\" href=\"https:\/\/muzeuciclism.ro\/wp-content\/uploads\/DSCN0925-1.jpg\" class=\"eig-popup\" title=\"Campionatul de ciclism cu antrenament mecanic, 1970 (prim-plan: V. Mormocea, \u00een spate N. Poman\u0103; plan secund: M. Niculescu, \u00een spate T.Puterity)\" data-caption=\"Campionatul de ciclism cu antrenament mecanic, 1970 (prim-plan: V. Mormocea, \u00een spate N. Poman\u0103; plan secund: M. Niculescu, \u00een spate T.Puterity)\" target=\"_blank\"><i class=\"icon-view\"><\/i><span class=\"overlay\"><\/span><img loading=\"lazy\" decoding=\"async\" width=\"150\" height=\"150\" src=\"https:\/\/muzeuciclism.ro\/wp-content\/uploads\/DSCN0925-1-150x150.jpg\" class=\"attachment-thumbnail size-thumbnail\" alt=\"\" \/><\/a><\/li><li><a data-fancybox=\"gallery474\" href=\"https:\/\/muzeuciclism.ro\/wp-content\/uploads\/DSCN0929.jpg\" class=\"eig-popup\" title=\"Campionatul de ciclism cu antrenament mecanic, 1970 (M. Niculescu, \u00een spate T.Puterity)\" data-caption=\"Campionatul de ciclism cu antrenament mecanic, 1970 (M. Niculescu, \u00een spate T.Puterity)\" target=\"_blank\"><i class=\"icon-view\"><\/i><span class=\"overlay\"><\/span><img loading=\"lazy\" decoding=\"async\" width=\"150\" height=\"150\" src=\"https:\/\/muzeuciclism.ro\/wp-content\/uploads\/DSCN0929-150x150.jpg\" class=\"attachment-thumbnail size-thumbnail\" alt=\"\" \/><\/a><\/li><li><a data-fancybox=\"gallery474\" href=\"https:\/\/muzeuciclism.ro\/wp-content\/uploads\/DSCN1386-1.jpg\" class=\"eig-popup\" title=\"Cursa Mun\u021bilor 1970 (etapa de la Sinaia)\" data-caption=\"Cursa Mun\u021bilor 1970 (etapa de la Sinaia)\" target=\"_blank\"><i class=\"icon-view\"><\/i><span class=\"overlay\"><\/span><img loading=\"lazy\" decoding=\"async\" width=\"150\" height=\"150\" src=\"https:\/\/muzeuciclism.ro\/wp-content\/uploads\/DSCN1386-1-150x150.jpg\" class=\"attachment-thumbnail size-thumbnail\" alt=\"\" \/><\/a><\/li><li><a data-fancybox=\"gallery474\" href=\"https:\/\/muzeuciclism.ro\/wp-content\/uploads\/DSCN0813.jpg\" class=\"eig-popup\" title=\"Circuit Pleven \u2013 Bulgaria, 1969\" data-caption=\"Circuit Pleven \u2013 Bulgaria, 1969\" target=\"_blank\"><i class=\"icon-view\"><\/i><span class=\"overlay\"><\/span><img loading=\"lazy\" decoding=\"async\" width=\"150\" height=\"150\" src=\"https:\/\/muzeuciclism.ro\/wp-content\/uploads\/DSCN0813-150x150.jpg\" class=\"attachment-thumbnail size-thumbnail\" alt=\"\" \/><\/a><\/li><li><a data-fancybox=\"gallery474\" href=\"https:\/\/muzeuciclism.ro\/wp-content\/uploads\/DSCN0662-1.jpg\" class=\"eig-popup\" title=\"Tour de l&#039;Avenir, 1969 - (de la st\u00e2nga la dreapta) A. Sofronie, T. Vasile, Nae Voicu (antrenor), \u0218t. Cernea, G. Moiceanu, T. Puterity \u0219i Neagu (mecanic)\" data-caption=\"Tour de l&#039;Avenir, 1969 - (de la st\u00e2nga la dreapta) A. Sofronie, T. Vasile, Nae Voicu (antrenor), \u0218t. Cernea, G. Moiceanu, T. Puterity \u0219i Neagu (mecanic)\" target=\"_blank\"><i class=\"icon-view\"><\/i><span class=\"overlay\"><\/span><img loading=\"lazy\" decoding=\"async\" width=\"150\" height=\"150\" src=\"https:\/\/muzeuciclism.ro\/wp-content\/uploads\/DSCN0662-1-150x150.jpg\" class=\"attachment-thumbnail size-thumbnail\" alt=\"\" \/><\/a><\/li><li><a data-fancybox=\"gallery474\" href=\"https:\/\/muzeuciclism.ro\/wp-content\/uploads\/DSCN0708-1.jpg\" class=\"eig-popup\" title=\"Balcaniada de ciclism Sofia, 1971, T. Puterity pe podium (locul III, fond)\" data-caption=\"Balcaniada de ciclism Sofia, 1971, T. Puterity pe podium (locul III, fond)\" target=\"_blank\"><i class=\"icon-view\"><\/i><span class=\"overlay\"><\/span><img loading=\"lazy\" decoding=\"async\" width=\"150\" height=\"150\" src=\"https:\/\/muzeuciclism.ro\/wp-content\/uploads\/DSCN0708-1-150x150.jpg\" class=\"attachment-thumbnail size-thumbnail\" alt=\"\" \/><\/a><\/li><li><a data-fancybox=\"gallery474\" href=\"https:\/\/muzeuciclism.ro\/wp-content\/uploads\/DSCN0917.jpg\" class=\"eig-popup\" title=\"\u00cenainte de plecare la un antrenament, lotul complet de Cursa P\u0103cii: (de la st\u00e2nga la dreapta) N. Ciumeti, \u0218t. Cernea, I. Cosma II, T. Puterity, T. Vasile, N. David, Al.  Sofronie, V. Burlacu, C. Grigore \u0219i V. Selejan, februarie 1970\" data-caption=\"\u00cenainte de plecare la un antrenament, lotul complet de Cursa P\u0103cii: (de la st\u00e2nga la dreapta) N. Ciumeti, \u0218t. Cernea, I. Cosma II, T. Puterity, T. Vasile, N. David, Al.  Sofronie, V. Burlacu, C. Grigore \u0219i V. Selejan, februarie 1970\" target=\"_blank\"><i class=\"icon-view\"><\/i><span class=\"overlay\"><\/span><img loading=\"lazy\" decoding=\"async\" width=\"150\" height=\"150\" src=\"https:\/\/muzeuciclism.ro\/wp-content\/uploads\/DSCN0917-150x150.jpg\" class=\"attachment-thumbnail size-thumbnail\" alt=\"\" \/><\/a><\/li><li><a data-fancybox=\"gallery474\" href=\"https:\/\/muzeuciclism.ro\/wp-content\/uploads\/DSCN1354-1.jpg\" class=\"eig-popup\" title=\"Drumul spre Recordul orei... 1970\" data-caption=\"Drumul spre Recordul orei... 1970\" target=\"_blank\"><i class=\"icon-view\"><\/i><span class=\"overlay\"><\/span><img loading=\"lazy\" decoding=\"async\" width=\"150\" height=\"150\" src=\"https:\/\/muzeuciclism.ro\/wp-content\/uploads\/DSCN1354-1-150x150.jpg\" class=\"attachment-thumbnail size-thumbnail\" alt=\"\" \/><\/a><\/li><li><a data-fancybox=\"gallery474\" href=\"https:\/\/muzeuciclism.ro\/wp-content\/uploads\/DSCN1444-1.jpg\" class=\"eig-popup\" title=\"Pantofii purta\u021bi spre Recordul orei, 1970...\" data-caption=\"Pantofii purta\u021bi spre Recordul orei, 1970...\" target=\"_blank\"><i class=\"icon-view\"><\/i><span class=\"overlay\"><\/span><img loading=\"lazy\" decoding=\"async\" width=\"150\" height=\"150\" src=\"https:\/\/muzeuciclism.ro\/wp-content\/uploads\/DSCN1444-1-150x150.jpg\" class=\"attachment-thumbnail size-thumbnail\" alt=\"\" \/><\/a><\/li><li><a data-fancybox=\"gallery474\" href=\"https:\/\/muzeuciclism.ro\/wp-content\/uploads\/DSCN1449-1.jpg\" class=\"eig-popup\" title=\"\u0218i casca Recordului orei, 1970...\" data-caption=\"\u0218i casca Recordului orei, 1970...\" target=\"_blank\"><i class=\"icon-view\"><\/i><span class=\"overlay\"><\/span><img loading=\"lazy\" decoding=\"async\" width=\"150\" height=\"150\" src=\"https:\/\/muzeuciclism.ro\/wp-content\/uploads\/DSCN1449-1-150x150.jpg\" class=\"attachment-thumbnail size-thumbnail\" alt=\"\" \/><\/a><\/li><li><a data-fancybox=\"gallery474\" href=\"https:\/\/muzeuciclism.ro\/wp-content\/uploads\/DSCN1402-1-1024x600.jpg\" class=\"eig-popup\" title=\"\u00cen drum spre titlul de campion municipal, Bucure\u0219ti 1970\" data-caption=\"\u00cen drum spre titlul de campion municipal, Bucure\u0219ti 1970\" target=\"_blank\"><i class=\"icon-view\"><\/i><span class=\"overlay\"><\/span><img loading=\"lazy\" decoding=\"async\" width=\"150\" height=\"150\" src=\"https:\/\/muzeuciclism.ro\/wp-content\/uploads\/DSCN1402-1-150x150.jpg\" class=\"attachment-thumbnail size-thumbnail\" alt=\"\" \/><\/a><\/li><li><a data-fancybox=\"gallery474\" href=\"https:\/\/muzeuciclism.ro\/wp-content\/uploads\/DSCN0797.jpg\" class=\"eig-popup\" title=\"Cupa \u201dMetalul\u201d, 1972, T. Puterity pe podium\" data-caption=\"Cupa \u201dMetalul\u201d, 1972, T. Puterity pe podium\" target=\"_blank\"><i class=\"icon-view\"><\/i><span class=\"overlay\"><\/span><img loading=\"lazy\" decoding=\"async\" width=\"150\" height=\"150\" src=\"https:\/\/muzeuciclism.ro\/wp-content\/uploads\/DSCN0797-150x150.jpg\" class=\"attachment-thumbnail size-thumbnail\" alt=\"\" \/><\/a><\/li><li><a data-fancybox=\"gallery474\" href=\"https:\/\/muzeuciclism.ro\/wp-content\/uploads\/DSCN0899.jpg\" class=\"eig-popup\" title=\"Cupa Steaua 1972, la start\" data-caption=\"Cupa Steaua 1972, la start\" target=\"_blank\"><i class=\"icon-view\"><\/i><span class=\"overlay\"><\/span><img loading=\"lazy\" decoding=\"async\" width=\"150\" height=\"150\" src=\"https:\/\/muzeuciclism.ro\/wp-content\/uploads\/DSCN0899-150x150.jpg\" class=\"attachment-thumbnail size-thumbnail\" alt=\"\" \/><\/a><\/li><\/ul>\n","protected":false},"excerpt":{"rendered":"<p>Teodor Puterity &#8211; Maestru al Sportului &#8211; de\u021bin\u0103torul din anul 1970 a Recordului orei pe velodrom \u00een Rom\u00e2nia (43,302 km) N\u0103scut la 28 februarie 1947, Arad &#8211; 1966, Turul Rom\u00e2niei, participant &#8211; 1966, Cursa DWM (Polonia, ocolul lacurilor Mazuriene), locul 1 CTE \u0219i locul 1 la general &#8211; 1968, Turul Rom\u00e2niei, c\u00e2\u0219tig\u0103tor ultima etap\u0103, locul [&hellip;]<\/p>\n","protected":false},"author":2,"featured_media":0,"parent":992,"menu_order":0,"comment_status":"open","ping_status":"closed","template":"","meta":{"footnotes":""},"class_list":["post-1119","page","type-page","status-publish","czr-hentry"],"_links":{"self":[{"href":"https:\/\/muzeuciclism.ro\/index.php\/wp-json\/wp\/v2\/pages\/1119","targetHints":{"allow":["GET"]}}],"collection":[{"href":"https:\/\/muzeuciclism.ro\/index.php\/wp-json\/wp\/v2\/pages"}],"about":[{"href":"https:\/\/muzeuciclism.ro\/index.php\/wp-json\/wp\/v2\/types\/page"}],"author":[{"embeddable":true,"href":"https:\/\/muzeuciclism.ro\/index.php\/wp-json\/wp\/v2\/users\/2"}],"replies":[{"embeddable":true,"href":"https:\/\/muzeuciclism.ro\/index.php\/wp-json\/wp\/v2\/comments?post=1119"}],"version-history":[{"count":0,"href":"https:\/\/muzeuciclism.ro\/index.php\/wp-json\/wp\/v2\/pages\/1119\/revisions"}],"up":[{"embeddable":true,"href":"https:\/\/muzeuciclism.ro\/index.php\/wp-json\/wp\/v2\/pages\/992"}],"wp:attachment":[{"href":"https:\/\/muzeuciclism.ro\/index.php\/wp-json\/wp\/v2\/media?parent=1119"}],"curies":[{"name":"wp","href":"https:\/\/api.w.org\/{rel}","templated":true}]}}