{"id":1036,"date":"2017-02-22T20:56:14","date_gmt":"2017-02-22T20:56:14","guid":{"rendered":"http:\/\/muzeuciclism.ro\/?page_id=1036"},"modified":"2025-09-09T18:18:21","modified_gmt":"2025-09-09T18:18:21","slug":"marin-niculescu","status":"publish","type":"page","link":"https:\/\/muzeuciclism.ro\/index.php\/ciclism-romanesc\/galeria-ciclistilor-romani\/marin-niculescu\/","title":{"rendered":"Marin Niculescu"},"content":{"rendered":"<p>Generatia &#8222;Eroica&#8221; a ciclismului romanesc.<\/p>\n<p>Marin Niculescu<\/p>\n<p>Nascut 04-03-1923, Bucuresti.<br \/>\nPlecat la ceruri 02-05-2014, Bucuresti.<\/p>\n<p>Participarile si victoriile.<\/p>\n<p>1948 Locul 1, Balcaniada, Budapesta , Ungaria.<br \/>\n1948 Locul 1, etapa 2, Course de la Paix ,Brno (Jihomoravsky Kraj), Czechoslovakia<br \/>\n1948 Locul 3, etapa 3, Course de la Paix , Zlin (Zlinsky Kraj), Czechoslovakia<br \/>\n1948 Locul 3, etapa 4, Course de la Paix , Zilina (Moravskoslezsky Kraj), Czechoslovakia<br \/>\n1948 Locul 21, Clasamentul General, Course de la Paix , Warszawa (Mazowieckie), Polonia<br \/>\n1948 Locul 1, Campionatul National, Bucuresti, Romania.<br \/>\n1949 Locul 5, etapa 4, Course de la Paix ,Ostrava (Moravskoslezsky Kraj), Czechoslovakia<br \/>\n1949 Locul 7, etapa 6, Course de la Paix , Wroc\u0142aw (Dolno\u015bl\u0105skie), Polonia.<br \/>\n1949 Locul 2, Camiponatul National, Romania.<br \/>\n1949 Locul 1, etapa 1, Tour of Poland, (\u0141\u00f3d\u017a ( \u0141\u00f3dzkie), Polonia.<br \/>\n1949 Locul 2, etapa 2, Tour of Poland, Toru\u0144 (Kujawsko-Pomorskie), Polonia.<br \/>\n1949 Locul 4, etapa 4, Tour of Poland, Gda\u0144sk (Pomorskie), Polonia.<br \/>\n1949 Locul 1, etapa 5, Tour of Poland, (Kujawsko-Pomorskie), Polonia.<br \/>\n1949 Locul 3, etapa 6, Tour of Poland, Pozna\u0144 (Wielkopolskie), Polonia.<br \/>\n1949 Locul 7, etapa 7, Tour of Poland, Wroc\u0142aw (Dolno\u015bl\u0105skie), Polonia.<br \/>\n1949 Locul 8 , etapa 8, Tour of Poland, Katowice (\u015al\u0105skie), Polonia.<br \/>\n1949 Locul 8, etapa 10, Tour of Poland, Krakow (Ma\u0142opolskie), Polonia.<br \/>\n1949 Locul 2, etapa 11, Tour of Poland, Kielce (\u015awi\u0119tokrzyskie), Polonia.<br \/>\n1949 Locul 2, Clasamentul General, Tour of Poland, Warszawa (Mazowieckie), Polonia.<br \/>\n1950 Locul 5, etapa 1, Course de la Paix,Warszawa (Mazowieckie), Polonia<br \/>\n1950 Locul 3, etapa 3, Course de la Paix , Wroc\u0142aw (Dolno\u015bl\u0105skie), Polonia<br \/>\n1950 Locul 8, etapa 4, Course de la Paix ,Chorz\u00f3w (\u015al\u0105skie), Polonia<br \/>\n1950 Locul 9, etapa 5, Course de la Paix ,Cieszyn (\u015al\u0105skie), Polonia.<br \/>\n1950 Locul 6, etapa 8, Course de la Paix ,Pardubice (Pardubicky Kraj), Czechoslovakia<br \/>\n1950 Locul 2, etapa 9, Course de la Paix , Praha (Pardubicky Kraj), Czechoslovakia<br \/>\n1950 Locul 5, Clasamentul General , Course de la Paix ,Praha (Pardubicky Kraj), Czechoslovakia.<br \/>\n1950 Locul 3, Campionatul National, Bucuresti, Romania.<br \/>\n1951 Locul 1, Clasamentul General, Turul Rom\u00e2niei.<br \/>\n1952 Locul 41, Olimpiada, K\u00e4pyl\u00e4 (Southern Finland), Finlanda<br \/>\n1954 Locul 62, Clasamentul General, Course de la Paix , Praha (Pardubicky Kraj), Czechoslovakia.<\/p>\n\t                <ul class=\"easy-image-gallery thumbnails-1 linked\">\r\n                    <li><a data-fancybox=\"gallery123\" href=\"https:\/\/muzeuciclism.ro\/wp-content\/uploads\/16708735_1628137777202559_7261420239796754824_n.jpg\" class=\"eig-popup\" title=\"Marin Niculescu (1)\n(colec\u021bia Dan Melinte)\" data-caption=\"Marin Niculescu (1)\n(colec\u021bia Dan Melinte)\" target=\"_blank\"><i class=\"icon-view\"><\/i><span class=\"overlay\"><\/span><img loading=\"lazy\" decoding=\"async\" width=\"150\" height=\"150\" src=\"https:\/\/muzeuciclism.ro\/wp-content\/uploads\/16708735_1628137777202559_7261420239796754824_n-150x150.jpg\" class=\"attachment-thumbnail size-thumbnail\" alt=\"\" \/><\/a><\/li><\/ul>\n","protected":false},"excerpt":{"rendered":"<p>Generatia &#8222;Eroica&#8221; a ciclismului romanesc. Marin Niculescu Nascut 04-03-1923, Bucuresti. Plecat la ceruri 02-05-2014, Bucuresti. Participarile si victoriile. 1948 Locul 1, Balcaniada, Budapesta , Ungaria. 1948 Locul 1, etapa 2, Course de la Paix ,Brno (Jihomoravsky Kraj), Czechoslovakia 1948 Locul 3, etapa 3, Course de la Paix , Zlin (Zlinsky Kraj), Czechoslovakia 1948 Locul 3, [&hellip;]<\/p>\n","protected":false},"author":2,"featured_media":0,"parent":992,"menu_order":0,"comment_status":"open","ping_status":"closed","template":"","meta":{"footnotes":""},"class_list":["post-1036","page","type-page","status-publish","czr-hentry"],"_links":{"self":[{"href":"https:\/\/muzeuciclism.ro\/index.php\/wp-json\/wp\/v2\/pages\/1036","targetHints":{"allow":["GET"]}}],"collection":[{"href":"https:\/\/muzeuciclism.ro\/index.php\/wp-json\/wp\/v2\/pages"}],"about":[{"href":"https:\/\/muzeuciclism.ro\/index.php\/wp-json\/wp\/v2\/types\/page"}],"author":[{"embeddable":true,"href":"https:\/\/muzeuciclism.ro\/index.php\/wp-json\/wp\/v2\/users\/2"}],"replies":[{"embeddable":true,"href":"https:\/\/muzeuciclism.ro\/index.php\/wp-json\/wp\/v2\/comments?post=1036"}],"version-history":[{"count":0,"href":"https:\/\/muzeuciclism.ro\/index.php\/wp-json\/wp\/v2\/pages\/1036\/revisions"}],"up":[{"embeddable":true,"href":"https:\/\/muzeuciclism.ro\/index.php\/wp-json\/wp\/v2\/pages\/992"}],"wp:attachment":[{"href":"https:\/\/muzeuciclism.ro\/index.php\/wp-json\/wp\/v2\/media?parent=1036"}],"curies":[{"name":"wp","href":"https:\/\/api.w.org\/{rel}","templated":true}]}}