{"id":1023,"date":"2017-02-22T21:11:33","date_gmt":"2017-02-22T21:11:33","guid":{"rendered":"http:\/\/muzeuciclism.ro\/?page_id=1023"},"modified":"2025-09-09T18:16:23","modified_gmt":"2025-09-09T18:16:23","slug":"ioan-ardelean","status":"publish","type":"page","link":"https:\/\/muzeuciclism.ro\/index.php\/ciclism-romanesc\/galeria-ciclistilor-romani\/ioan-ardelean\/","title":{"rendered":"Ioan Ardelean"},"content":{"rendered":"<p>Generatia &#8222;Eroic\u0103&#8221; a ciclismului romanesc.<\/p>\n<p>Ioan Ardelean.<br \/>\nNascut pe 10 aprilie, 1941 in Brasov<\/p>\n<p>Participarile si clasamente.<\/p>\n<p>1963 Locul 47, Clasificare generala , Course de la Paix , Berlin (Berlin), R.D.G.<br \/>\n1964 Locul 10, etapa 3 , Course de la Paix , Wroc\u0142aw (Dolno\u015bl\u0105skie), Polonia<br \/>\n1964 Locul 34, Clasificare generala, Course de la Paix, Praha (Pardubicky Kraj), Czechoslovakia<br \/>\n1964 Locul 9, etapa 8, Course de la Paix \/ R.D.G.<br \/>\n1966 Locul 6, etapa 6 , Course de la Paix , Katowice (\u015al\u0105skie), Polonia<br \/>\n1966 Locul 30, Clasificare generala, Course de la Paix , Berlin (Berlin), R.D.G.<br \/>\n1968 Locul 5, etapa 8, Tour du Maroc.<br \/>\n1968 Locul 5, Clasificare generala, Tour du Maroc.<br \/>\n1968 Locul 6, etapa 9 , Tour du Maroc.<br \/>\n1968 Locul 9, etapa 4, Course de la Paix, R.D.G.<br \/>\n1968 Locul 38, Clasificare generala, Course de la Paix , Warszawa (Mazowieckie), Polonia<\/p>\n\t                <ul class=\"easy-image-gallery thumbnails-1 linked\">\r\n                    <li><a data-fancybox=\"gallery636\" href=\"https:\/\/muzeuciclism.ro\/wp-content\/uploads\/16508207_1623205121029158_6718770523732443825_n.jpg\" class=\"eig-popup\" title=\"Ioan Ardelean\n(colec\u021bia Dan Melinte)\" data-caption=\"Ioan Ardelean\n(colec\u021bia Dan Melinte)\" target=\"_blank\"><i class=\"icon-view\"><\/i><span class=\"overlay\"><\/span><img loading=\"lazy\" decoding=\"async\" width=\"150\" height=\"150\" src=\"https:\/\/muzeuciclism.ro\/wp-content\/uploads\/16508207_1623205121029158_6718770523732443825_n-150x150.jpg\" class=\"attachment-thumbnail size-thumbnail\" alt=\"\" \/><\/a><\/li><\/ul>\n","protected":false},"excerpt":{"rendered":"<p>Generatia &#8222;Eroic\u0103&#8221; a ciclismului romanesc. Ioan Ardelean. Nascut pe 10 aprilie, 1941 in Brasov Participarile si clasamente. 1963 Locul 47, Clasificare generala , Course de la Paix , Berlin (Berlin), R.D.G. 1964 Locul 10, etapa 3 , Course de la Paix , Wroc\u0142aw (Dolno\u015bl\u0105skie), Polonia 1964 Locul 34, Clasificare generala, Course de la Paix, Praha [&hellip;]<\/p>\n","protected":false},"author":2,"featured_media":0,"parent":992,"menu_order":0,"comment_status":"open","ping_status":"closed","template":"","meta":{"footnotes":""},"class_list":["post-1023","page","type-page","status-publish","czr-hentry"],"_links":{"self":[{"href":"https:\/\/muzeuciclism.ro\/index.php\/wp-json\/wp\/v2\/pages\/1023","targetHints":{"allow":["GET"]}}],"collection":[{"href":"https:\/\/muzeuciclism.ro\/index.php\/wp-json\/wp\/v2\/pages"}],"about":[{"href":"https:\/\/muzeuciclism.ro\/index.php\/wp-json\/wp\/v2\/types\/page"}],"author":[{"embeddable":true,"href":"https:\/\/muzeuciclism.ro\/index.php\/wp-json\/wp\/v2\/users\/2"}],"replies":[{"embeddable":true,"href":"https:\/\/muzeuciclism.ro\/index.php\/wp-json\/wp\/v2\/comments?post=1023"}],"version-history":[{"count":0,"href":"https:\/\/muzeuciclism.ro\/index.php\/wp-json\/wp\/v2\/pages\/1023\/revisions"}],"up":[{"embeddable":true,"href":"https:\/\/muzeuciclism.ro\/index.php\/wp-json\/wp\/v2\/pages\/992"}],"wp:attachment":[{"href":"https:\/\/muzeuciclism.ro\/index.php\/wp-json\/wp\/v2\/media?parent=1023"}],"curies":[{"name":"wp","href":"https:\/\/api.w.org\/{rel}","templated":true}]}}