{"id":1012,"date":"2017-02-22T20:12:22","date_gmt":"2017-02-22T20:12:22","guid":{"rendered":"http:\/\/muzeuciclism.ro\/?page_id=1012"},"modified":"2025-09-09T18:15:19","modified_gmt":"2025-09-09T18:15:19","slug":"gabriel-moiceanu","status":"publish","type":"page","link":"https:\/\/muzeuciclism.ro\/index.php\/ciclism-romanesc\/galeria-ciclistilor-romani\/gabriel-moiceanu\/","title":{"rendered":"Gabriel Moiceanu"},"content":{"rendered":"<p>Generatia &#8222;Eroica&#8221; a ciclismului romanesc.<br \/>\nAstazi despre Gabriel Moiceanu.<br \/>\nNascut pe 12 august 1934 la Campulung Muscel.<\/p>\n<p>Participarile si victoriile:<\/p>\n<p>1955 Locul 4, etapa 9 Course de la Paix , Cottbus (Brandenburg), German Democratic Republik<br \/>\n1955 Locul 9, etapa 11 Course de la Paix , Katowice (\u015al\u0105skie), Poland<br \/>\n1956 Locul 2 , Turul Rom\u00e2niei.<br \/>\n1956 Locul 3, etapa 10 Course de la Paix , Tabor (Mazowieckie), Poland<br \/>\n1956 Locul 21, General Classification, Course de la Paix , Praha (Pardubicky Kraj), Czech Republic<br \/>\n1957 Locul 1, National Championship, Road, Romania<br \/>\n1958 Locul 1, Turul Rom\u00e2niei,<br \/>\n1958 Locul 3, etapa 4, Course de la Paix, Wroc\u0142aw (Dolno\u015bl\u0105skie), Poland<br \/>\n1958 Locul 9, etapa 8 , Course de la Paix , Chemnitz (Sachsen), German Democratic Republik<br \/>\n1958 Locul 4, etapa 12 , Course de la Paix \/ Praha (Pardubicky Kraj), Czech Republic<br \/>\n1959 Locul 2, General Classification , Turul Rom\u00e2niei<br \/>\n1959 Locul 8, etapa 1 , Course de la Paix , Berlin , German Democratic Republik<br \/>\n1959 Locul 3, etapa 3 , Course de la Paix , Lipsk (Sachsen), German Democratic Republik<br \/>\n1959 Locul 6, etapa 4 , Course de la Paix , Chemnitz (Sachsen), German Democratic Republik<br \/>\n1959 Locul 4 etapa 6 , Course de la Paix , Praha (Pardubicky Kraj), Czech Republic<br \/>\n1959 Locul 1, etapa 13, Course de la Paix , Warszawa (Mazowieckie), Poland<br \/>\n1960 Locul 2 , General Classification GP de l&#8217;Humanit\u00e9, Marseille (Provence-Alpes-Cote d&#8217;Azur), France<br \/>\n1961 Locul 2 , General Classification, Turul Rom\u00e2niei.<br \/>\n1961 Locul 1, etapa 3 Course de la Paix , Swiecie (Kujawsko-Pomorskie), Poland<br \/>\n1961 Locul 3, etapa 8 , Course de la Paix , Lipsk (Podlaskie), Poland<br \/>\n1962 Locul 1, etapa 1, GP de l&#8217;Humanit\u00e9, Marseille (Provence-Alpes-Cote d&#8217;Azur), France<br \/>\n1962 Locul 1, etapa 2, GP de l&#8217;Humanit\u00e9, Marseille (Provence-Alpes-Cote d&#8217;Azur), France<br \/>\n1962 Locul 1, General Classification, GP de l&#8217;Humanit\u00e9, Marseille (Provence-Alpes-Cote d&#8217;Azur), France<br \/>\n1962 Locul 5, etapa 1 , Course de la Paix , Berlin , German Democratic Republik .<br \/>\n1962 Locul 3, etapa 7 , Course de la Paix , Brno (Jihomoravsky Kraj), Czech Republic<br \/>\n1962 Locul 6, General Classification ,Course de la Paix<br \/>\n1963 Locul 1, General Classification GP de l&#8217;Humanit\u00e9, (Marseille (g)), Marseille (Provence-Alpes-Cote d&#8217;Azur), France<br \/>\n1963 Locul 3, etapa 1 , Tour of Britain, (Milk Race), Nottingham, Great Britain<br \/>\n1963 Locul 3, etapa 2, Tour of Britain, (Milk Race), Cheltenham (Gloucestershire), Great Britain<br \/>\n1964 Locul 1, etapa 3 , Course de la Paix , Wroc\u0142aw (Dolno\u015bl\u0105skie), Poland<br \/>\n1964 Etapa 8, etapa 7 , Course de la Paix , Erfurt (Thuringen), German Democratic Republik<br \/>\n1964 Locul 7, etapa 9 , Course de la Paix , German Democratic Republik<br \/>\n1964 Locul 5, etapa 12 , Course de la Paix , Pardubice (Pardubicky Kraj), Czech Republic<br \/>\n1964 Locul 2, etapa 13 Course de la Paix , Cesk\u00e9 Bud\u00e9jovice (Jihocesky Kraj), Czech Republic<br \/>\n1964 Locul 12, General Classification , Course de la Paix \/ Praha (Pardubicky Kraj), Czech Republic<br \/>\n1964 Locul 3, etapa 11 , Tour de Tunisie, Tunisia<br \/>\n1964 Locul 4, General Classification, Tour de Tunisie, Tunisia<br \/>\n1964 Locul 57, Olympic Games, Road, Amateurs, Tokyo ,Japan<br \/>\n1965 Locul 6, etapa 9 ,Course de la Paix , Svit (Presov), Slovakia<br \/>\n1966 Locul 3 , General Classification, GP de l&#8217;Humanit\u00e9, Marseille (Provence-Alpes-Cote d&#8217;Azur), France<br \/>\n1966 Locul 2, National Championship, Road, Elite, Romania<br \/>\n1967 Locul 1, etapa 8, Turul Rom\u00e2niei.<br \/>\n1967 Locul 6, etapa 6, Course de la Paix , Berlin , German Democratic Republik<br \/>\n1967 Locul 8, etapa 7 , Course de la Paix , Lipsk (Sachsen), German Democratic Republik<br \/>\n1967 Locul 10, etapa 14, Course de la Paix ,Hradec Kralove (Kralovehradecky Kraj), Czech Republic<br \/>\n1967 Locul 11, General Classification , Course de la Paix, Prague-Vinohrady (Stredocesky Kraj), Czech Republic<br \/>\n1968 Locul 2, General Classification, Tour du Maroc, Larache (Tanger-Tetouan), Morocco<\/p>\n\t                <ul class=\"easy-image-gallery thumbnails-5 linked\">\r\n                    <li><a data-fancybox=\"gallery751\" href=\"https:\/\/muzeuciclism.ro\/wp-content\/uploads\/16473326_1622204534462550_7185948468889684754_n.jpg\" class=\"eig-popup\" title=\"Gabriel Moiceanu (2)\n(colec\u021bia Dan Melinte)\" data-caption=\"Gabriel Moiceanu (2)\n(colec\u021bia Dan Melinte)\" target=\"_blank\"><i class=\"icon-view\"><\/i><span class=\"overlay\"><\/span><img loading=\"lazy\" decoding=\"async\" width=\"150\" height=\"150\" src=\"https:\/\/muzeuciclism.ro\/wp-content\/uploads\/16473326_1622204534462550_7185948468889684754_n-150x150.jpg\" class=\"attachment-thumbnail size-thumbnail\" alt=\"\" \/><\/a><\/li><li><a data-fancybox=\"gallery751\" href=\"https:\/\/muzeuciclism.ro\/wp-content\/uploads\/16507888_1622204171129253_213995412592121731_n.jpg\" class=\"eig-popup\" title=\"Gabriel Moiceanu (3)\n(colec\u021bia Dan Melinte)\" data-caption=\"Gabriel Moiceanu (3)\n(colec\u021bia Dan Melinte)\" target=\"_blank\"><i class=\"icon-view\"><\/i><span class=\"overlay\"><\/span><img loading=\"lazy\" decoding=\"async\" width=\"150\" height=\"150\" src=\"https:\/\/muzeuciclism.ro\/wp-content\/uploads\/16507888_1622204171129253_213995412592121731_n-150x150.jpg\" class=\"attachment-thumbnail size-thumbnail\" alt=\"\" \/><\/a><\/li><li><a data-fancybox=\"gallery751\" href=\"\" class=\"eig-popup\" title=\"\" data-caption=\"\" target=\"_blank\"><i class=\"icon-view\"><\/i><span class=\"overlay\"><\/span><\/a><\/li><li><a data-fancybox=\"gallery751\" href=\"https:\/\/muzeuciclism.ro\/wp-content\/uploads\/16603081_1622182324464771_1367557291044894127_n.jpg\" class=\"eig-popup\" title=\"Gabriel Moiceanu (4)\n(colec\u021bia Dan Melinte)\" data-caption=\"Gabriel Moiceanu (4)\n(colec\u021bia Dan Melinte)\" target=\"_blank\"><i class=\"icon-view\"><\/i><span class=\"overlay\"><\/span><img loading=\"lazy\" decoding=\"async\" width=\"150\" height=\"150\" src=\"https:\/\/muzeuciclism.ro\/wp-content\/uploads\/16603081_1622182324464771_1367557291044894127_n-150x150.jpg\" class=\"attachment-thumbnail size-thumbnail\" alt=\"\" \/><\/a><\/li><li><a data-fancybox=\"gallery751\" href=\"https:\/\/muzeuciclism.ro\/wp-content\/uploads\/Castigator-in-Tour-de-LAvenir-organizat-de-ziarul-LHumanite.jpg\" class=\"eig-popup\" title=\"Gabriel Moiceanu (5), Castigator in Tour de L&#039;Avenir\n(colec\u021bia Dan Melinte)\" data-caption=\"Gabriel Moiceanu (5), Castigator in Tour de L&#039;Avenir\n(colec\u021bia Dan Melinte)\" target=\"_blank\"><i class=\"icon-view\"><\/i><span class=\"overlay\"><\/span><img loading=\"lazy\" decoding=\"async\" width=\"150\" height=\"150\" src=\"https:\/\/muzeuciclism.ro\/wp-content\/uploads\/Castigator-in-Tour-de-LAvenir-organizat-de-ziarul-LHumanite-150x150.jpg\" class=\"attachment-thumbnail size-thumbnail\" alt=\"\" \/><\/a><\/li><\/ul>\n","protected":false},"excerpt":{"rendered":"<p>Generatia &#8222;Eroica&#8221; a ciclismului romanesc. Astazi despre Gabriel Moiceanu. Nascut pe 12 august 1934 la Campulung Muscel. Participarile si victoriile: 1955 Locul 4, etapa 9 Course de la Paix , Cottbus (Brandenburg), German Democratic Republik 1955 Locul 9, etapa 11 Course de la Paix , Katowice (\u015al\u0105skie), Poland 1956 Locul 2 , Turul Rom\u00e2niei. 1956 [&hellip;]<\/p>\n","protected":false},"author":2,"featured_media":1013,"parent":992,"menu_order":0,"comment_status":"open","ping_status":"closed","template":"","meta":{"footnotes":""},"class_list":["post-1012","page","type-page","status-publish","has-post-thumbnail","czr-hentry"],"_links":{"self":[{"href":"https:\/\/muzeuciclism.ro\/index.php\/wp-json\/wp\/v2\/pages\/1012","targetHints":{"allow":["GET"]}}],"collection":[{"href":"https:\/\/muzeuciclism.ro\/index.php\/wp-json\/wp\/v2\/pages"}],"about":[{"href":"https:\/\/muzeuciclism.ro\/index.php\/wp-json\/wp\/v2\/types\/page"}],"author":[{"embeddable":true,"href":"https:\/\/muzeuciclism.ro\/index.php\/wp-json\/wp\/v2\/users\/2"}],"replies":[{"embeddable":true,"href":"https:\/\/muzeuciclism.ro\/index.php\/wp-json\/wp\/v2\/comments?post=1012"}],"version-history":[{"count":0,"href":"https:\/\/muzeuciclism.ro\/index.php\/wp-json\/wp\/v2\/pages\/1012\/revisions"}],"up":[{"embeddable":true,"href":"https:\/\/muzeuciclism.ro\/index.php\/wp-json\/wp\/v2\/pages\/992"}],"wp:featuredmedia":[{"embeddable":true,"href":"https:\/\/muzeuciclism.ro\/index.php\/wp-json\/wp\/v2\/media\/1013"}],"wp:attachment":[{"href":"https:\/\/muzeuciclism.ro\/index.php\/wp-json\/wp\/v2\/media?parent=1012"}],"curies":[{"name":"wp","href":"https:\/\/api.w.org\/{rel}","templated":true}]}}