{"id":1004,"date":"2017-02-22T17:59:57","date_gmt":"2017-02-22T17:59:57","guid":{"rendered":"http:\/\/muzeuciclism.ro\/?page_id=1004"},"modified":"2025-09-09T18:14:52","modified_gmt":"2025-09-09T18:14:52","slug":"ervant-norhadian","status":"publish","type":"page","link":"https:\/\/muzeuciclism.ro\/index.php\/ciclism-romanesc\/galeria-ciclistilor-romani\/ervant-norhadian\/","title":{"rendered":"Ervant Norhadian"},"content":{"rendered":"<p>Generatia &#8222;Eroica&#8221; a ciclismului romanesc.<\/p>\n<p>Ervant Norhadian<br \/>\nClubul Armatei ( Steaua)<br \/>\nNascut: 11-09-1916<br \/>\nPlecat la ceruri : 10-11-1994<\/p>\n<p>Participarile si victoriile.<\/p>\n<p>1948 Locul 6, etapa 4 , Course de la Paix , Zilina (Moravskoslezsky Kraj), Czechoslovakia<br \/>\n1948 Locul 5, etapa 8, Course de la Paix , Warszawa (Mazowieckie), Polonia<br \/>\n1948 Locul 8, Clasamentul General, Course de la Paix ,Warszawa (Mazowieckie), Polonia<br \/>\n1948 Locul 2, Campionatul National, Bucuresti , Romania.<br \/>\n1949 Locul 1, Campionatul National, Romania.<br \/>\n1949 Locul 10, etapa 7, Tour of Poland, Wroc\u0142aw (Dolno\u015bl\u0105skie), Polonia.<br \/>\n1949 Locul 10, etapa 8, Tour of Poland, Katowice (\u015al\u0105skie), Polonia.<br \/>\n1949 Locul 5,etapa 9, Tour of Poland, Zakopane (Ma\u0142opolskie), Polonia.<br \/>\n1949 Locul 9, etapa 10, Tour of Poland, Krakow (Ma\u0142opolskie), Polonia.<br \/>\n1949 Locul 11, Clasamentul General, Tour of Poland, Warszawa (Mazowieckie), Polen<br \/>\n1950 Locul 3, Clasamentul General, Turul Rom\u00e2niei.<br \/>\n1951 Locul 1, Campionatul National, Romania.<\/p>\n\t                <ul class=\"easy-image-gallery thumbnails-4 linked\">\r\n                    <li><a data-fancybox=\"gallery990\" href=\"https:\/\/muzeuciclism.ro\/wp-content\/uploads\/DSCN0745_1.jpg\" class=\"eig-popup\" title=\"Ervant Norhadian (centru - sus)\" data-caption=\"Ervant Norhadian (centru - sus)\" target=\"_blank\"><i class=\"icon-view\"><\/i><span class=\"overlay\"><\/span><img loading=\"lazy\" decoding=\"async\" width=\"150\" height=\"150\" src=\"https:\/\/muzeuciclism.ro\/wp-content\/uploads\/DSCN0745_1-150x150.jpg\" class=\"attachment-thumbnail size-thumbnail\" alt=\"\" \/><\/a><\/li><li><a data-fancybox=\"gallery990\" href=\"https:\/\/muzeuciclism.ro\/wp-content\/uploads\/DSCN1964-1.jpg\" class=\"eig-popup\" title=\"Ervant Norhadian (al doilea de la st\u00e2nga la dreapta)\" data-caption=\"Ervant Norhadian (al doilea de la st\u00e2nga la dreapta)\" target=\"_blank\"><i class=\"icon-view\"><\/i><span class=\"overlay\"><\/span><img loading=\"lazy\" decoding=\"async\" width=\"150\" height=\"150\" src=\"https:\/\/muzeuciclism.ro\/wp-content\/uploads\/DSCN1964-1-150x150.jpg\" class=\"attachment-thumbnail size-thumbnail\" alt=\"\" \/><\/a><\/li><li><a data-fancybox=\"gallery990\" href=\"https:\/\/muzeuciclism.ro\/wp-content\/uploads\/DSCN1966-2.jpg\" class=\"eig-popup\" title=\"Ervant Norhadian (centru)\" data-caption=\"Ervant Norhadian (centru)\" target=\"_blank\"><i class=\"icon-view\"><\/i><span class=\"overlay\"><\/span><img loading=\"lazy\" decoding=\"async\" width=\"150\" height=\"150\" src=\"https:\/\/muzeuciclism.ro\/wp-content\/uploads\/DSCN1966-2-150x150.jpg\" class=\"attachment-thumbnail size-thumbnail\" alt=\"\" \/><\/a><\/li><li><a data-fancybox=\"gallery990\" href=\"https:\/\/muzeuciclism.ro\/wp-content\/uploads\/DSCN1976-1.jpg\" class=\"eig-popup\" title=\"Ervant Norhadian (dreapta)\" data-caption=\"Ervant Norhadian (dreapta)\" target=\"_blank\"><i class=\"icon-view\"><\/i><span class=\"overlay\"><\/span><img loading=\"lazy\" decoding=\"async\" width=\"150\" height=\"150\" src=\"https:\/\/muzeuciclism.ro\/wp-content\/uploads\/DSCN1976-1-150x150.jpg\" class=\"attachment-thumbnail size-thumbnail\" alt=\"\" \/><\/a><\/li><\/ul>\n","protected":false},"excerpt":{"rendered":"<p>Generatia &#8222;Eroica&#8221; a ciclismului romanesc. Ervant Norhadian Clubul Armatei ( Steaua) Nascut: 11-09-1916 Plecat la ceruri : 10-11-1994 Participarile si victoriile. 1948 Locul 6, etapa 4 , Course de la Paix , Zilina (Moravskoslezsky Kraj), Czechoslovakia 1948 Locul 5, etapa 8, Course de la Paix , Warszawa (Mazowieckie), Polonia 1948 Locul 8, Clasamentul General, Course [&hellip;]<\/p>\n","protected":false},"author":2,"featured_media":1005,"parent":992,"menu_order":0,"comment_status":"open","ping_status":"closed","template":"","meta":{"footnotes":""},"class_list":["post-1004","page","type-page","status-publish","has-post-thumbnail","czr-hentry"],"_links":{"self":[{"href":"https:\/\/muzeuciclism.ro\/index.php\/wp-json\/wp\/v2\/pages\/1004","targetHints":{"allow":["GET"]}}],"collection":[{"href":"https:\/\/muzeuciclism.ro\/index.php\/wp-json\/wp\/v2\/pages"}],"about":[{"href":"https:\/\/muzeuciclism.ro\/index.php\/wp-json\/wp\/v2\/types\/page"}],"author":[{"embeddable":true,"href":"https:\/\/muzeuciclism.ro\/index.php\/wp-json\/wp\/v2\/users\/2"}],"replies":[{"embeddable":true,"href":"https:\/\/muzeuciclism.ro\/index.php\/wp-json\/wp\/v2\/comments?post=1004"}],"version-history":[{"count":0,"href":"https:\/\/muzeuciclism.ro\/index.php\/wp-json\/wp\/v2\/pages\/1004\/revisions"}],"up":[{"embeddable":true,"href":"https:\/\/muzeuciclism.ro\/index.php\/wp-json\/wp\/v2\/pages\/992"}],"wp:featuredmedia":[{"embeddable":true,"href":"https:\/\/muzeuciclism.ro\/index.php\/wp-json\/wp\/v2\/media\/1005"}],"wp:attachment":[{"href":"https:\/\/muzeuciclism.ro\/index.php\/wp-json\/wp\/v2\/media?parent=1004"}],"curies":[{"name":"wp","href":"https:\/\/api.w.org\/{rel}","templated":true}]}}